{"id":99,"date":"2025-07-05T05:00:44","date_gmt":"2025-07-05T05:00:44","guid":{"rendered":"https:\/\/marketnuvia.com\/?post_type=product&#038;p=99"},"modified":"2025-07-05T05:03:47","modified_gmt":"2025-07-05T05:03:47","slug":"escalera-plegable-telescopica-de-aluminio-de-5-m","status":"publish","type":"product","link":"https:\/\/marketnuvia.com\/es\/produto\/escalera-plegable-telescopica-de-aluminio-de-5-m\/","title":{"rendered":"Escalera plegable telesc\u00f3pica de aluminio de 5 m"},"content":{"rendered":"<h3 class=\"\" data-end=\"266\" data-start=\"179\"><\/h3>\n<p class=\"\" data-end=\"428\" data-start=\"268\"><span>\ud83d\udca5\u00a0<strong data-end=\"292\" data-start=\"271\">S\u00f3lo hoy: 32,50\u20ac<\/strong>\u00a0\ud83d\udcb8 Precio original:<\/span>\u00a0<br data-end=\"295\" data-start=\"292\" \/>\u00a0<del data-end=\"325\" data-start=\"316\"><span>150,00\u20ac<\/span><\/del><br data-end=\"328\" data-start=\"325\" \/><span>\u00a1Ahorra ahora y trabaja con seguridad a cualquier altura!<\/span><br data-end=\"392\" data-start=\"389\" \/><span>Env\u00edos r\u00e1pidos a toda Italia<\/span><\/p>\n<p class=\"\" data-end=\"428\" data-start=\"268\"><img decoding=\"async\" src=\"https:\/\/cdn.shopify.com\/s\/files\/1\/0783\/3891\/6386\/files\/assets_task_01jtg4fmzkfgrtv0j9mhd25tvc_1746445848_img_0.webp?v=1746446555\" \/><\/p>\n<h3 class=\"\" data-end=\"472\" data-start=\"435\"><\/h3>\n<h3 class=\"\" data-end=\"472\" data-start=\"435\"><span>\ud83d\udd27\u00a0<strong data-end=\"472\" data-start=\"442\">Caracter\u00edsticas principales<\/strong><\/span><\/h3>\n<p class=\"\" data-end=\"745\" data-start=\"474\"><span>\u2705 Extensi\u00f3n completa:\u00a0<strong data-end=\"517\" data-start=\"497\">5M (2,5 + 2,5m)<\/strong>\u00a0\u2705 Total\u00a0<strong data-end=\"536\" data-start=\"522\">de 16 escalones<\/strong>\u00a0con espaciado de 30cm\u00a0\u2705 Material:\u00a0<strong data-end=\"602\" data-start=\"581\">aleaci\u00f3n de aluminio<\/strong>\u00a0ultra resistente\u00a0\u2705 Carga m\u00e1xima:\u00a0<strong data-end=\"651\" data-start=\"641\">150kg<\/strong>\u00a0\u2705 Bloqueo independiente en cada secci\u00f3n \u2705\u00a0Certificaci\u00f3n\u00a0de seguridad\u00a0<strong data-end=\"732\" data-start=\"715\">europea EN131<\/strong><\/span>\u00a0<br data-end=\"520\" data-start=\"517\" \/>\u00a0\u00a0<br data-end=\"568\" data-start=\"565\" \/>\u00a0\u00a0<br data-end=\"622\" data-start=\"619\" \/>\u00a0<br data-end=\"654\" data-start=\"651\" \/><br data-end=\"698\" data-start=\"695\" \/><\/p>\n<p class=\"\" data-end=\"745\" data-start=\"474\"><img decoding=\"async\" src=\"https:\/\/cdn.shopify.com\/s\/files\/1\/0783\/3891\/6386\/files\/20250505_0901_ConversioneScalaTelescopica_remix_01jtg52he3fbsbbdq7gv8k472t.png?v=1746446556\" \/><\/p>\n<p class=\"\" data-end=\"745\" data-start=\"474\">\n<h3 class=\"\" data-end=\"791\" data-start=\"752\"><span>\u00a1\u00a0<strong data-end=\"791\" data-start=\"760\">5 funciones en 1 b\u00e1scula!<\/strong><\/span><\/h3>\n<ul data-end=\"1005\" data-start=\"793\">\n<li class=\"\" data-end=\"826\" data-start=\"793\">\n<p class=\"\" data-end=\"826\" data-start=\"795\"><span>Escalera\u00a0<strong data-end=\"824\" data-start=\"801\">telesc\u00f3pica recta<\/strong><\/span><\/p>\n<\/li>\n<li class=\"\" data-end=\"872\" data-start=\"827\">\n<p class=\"\" data-end=\"872\" data-start=\"829\"><strong data-end=\"844\" data-start=\"829\"><span>Marco en forma de A<\/span><\/strong>\u00a0<span>\u00a0para estabilidad en dos lados<\/span><\/p>\n<\/li>\n<li class=\"\" data-end=\"908\" data-start=\"873\">\n<p class=\"\" data-end=\"908\" data-start=\"875\"><span>\u00daselo en\u00a0<strong data-end=\"906\" data-start=\"882\">superficies irregulares<\/strong><\/span><\/p>\n<\/li>\n<li class=\"\" data-end=\"966\" data-start=\"909\">\n<p class=\"\" data-end=\"966\" data-start=\"911\"><span>Escalera plegable de 90\u00b0\u00a0<strong data-end=\"964\" data-start=\"930\">para trabajar cerca de paredes<\/strong><\/span><\/p>\n<\/li>\n<li class=\"\" data-end=\"1005\" data-start=\"967\">\n<p class=\"\" data-end=\"1005\" data-start=\"969\"><span>Estructura para uso como\u00a0<strong data-end=\"1005\" data-start=\"992\">andamio<\/strong><\/span><\/p>\n<\/li>\n<\/ul>\n<p>&nbsp;<\/p>\n<p><strong data-end=\"1005\" data-start=\"992\"><img decoding=\"async\" src=\"https:\/\/cdn.shopify.com\/s\/files\/1\/0783\/3891\/6386\/files\/assets_task_01jtg469xkfm2vq80pnyhqpq6e_1746445546_img_3.webp?v=1746446555\" \/><\/strong><\/p>\n<h3 class=\"\" data-end=\"1040\" data-start=\"1012\"><span>\ud83e\uddb6\u00a0<strong data-end=\"1040\" data-start=\"1019\">M\u00e1xima seguridad<\/strong><\/span><\/h3>\n<p class=\"\" data-end=\"1231\" data-start=\"1042\"><span>\u2714 Pelda\u00f1os antideslizantes<\/span><br data-end=\"1066\" data-start=\"1063\" \/><span>\u2714 Pies de goma reforzados<\/span><br data-end=\"1098\" data-start=\"1095\" \/><span>\u2714 Cierre controlado con sistema antipinzamiento<\/span><br data-end=\"1153\" data-start=\"1150\" \/><span>\u2714 Bloqueo autom\u00e1tico secci\u00f3n a secci\u00f3n<\/span><br data-end=\"1199\" data-start=\"1196\" \/><span>\u2714 Estabilizador de base incluido<\/span><\/p>\n<p class=\"\" data-end=\"1231\" data-start=\"1042\">\n<p class=\"\" data-end=\"1231\" data-start=\"1042\"><img decoding=\"async\" src=\"https:\/\/cdn.shopify.com\/s\/files\/1\/0783\/3891\/6386\/files\/assets_task_01jtg4apcmfz7vk07007cw53tr_1746445689_img_1.webp?v=1746446555\" \/><\/p>\n<p class=\"\" data-end=\"1231\" data-start=\"1042\">\n<h3 class=\"\" data-end=\"1268\" data-start=\"1238\"><span>\ud83d\udccf\u00a0<strong data-end=\"1268\" data-start=\"1245\">Especificaciones t\u00e9cnicas<\/strong><\/span><\/h3>\n<p class=\"\" data-end=\"1485\" data-start=\"1270\"><span>\u2022 Altura m\u00e1xima: 5 m<\/span><br data-end=\"1295\" data-start=\"1292\" \/><span>\u2022 Altura cerrada: 86 cm<\/span><br data-end=\"1324\" data-start=\"1321\" \/><span>\u2022 Dimensiones cerrada: 86 x 67 x 16 cm<\/span><br data-end=\"1366\" data-start=\"1363\" \/><span>\u2022 N\u00famero de pelda\u00f1os: 2 x 8 escalones<\/span><br data-end=\"1396\" data-start=\"1393\" \/><span>\u2022 Peso: 18,2 kg<\/span><br data-end=\"1414\" data-start=\"1411\" \/><span>\u2022 Capacidad de carga: 150 kg<\/span><br data-end=\"1445\" data-start=\"1442\" \/><span>\u2022 Material: Aluminio ligero y resistente<\/span><\/p>\n<p class=\"\" data-end=\"1485\" data-start=\"1270\">\n<p class=\"\" data-end=\"1485\" data-start=\"1270\"><img decoding=\"async\" src=\"https:\/\/cdn.shopify.com\/s\/files\/1\/0783\/3891\/6386\/files\/assets_task_01jtg4te3he0rs90e2nfck70n3_1746446207_img_2.webp?v=1746446555\" \/><\/p>\n<p class=\"\" data-end=\"1485\" data-start=\"1270\">\n<h3 class=\"\" data-start=\"1492\" data-end=\"1537\"><span>\ud83c\udfaf\u00a0<strong data-start=\"1499\" data-end=\"1537\">F\u00e1cil de transportar y almacenar<\/strong><\/span><\/h3>\n<p class=\"\" data-start=\"1539\" data-end=\"1671\"><span>Gracias a su dise\u00f1o compacto, se pliega y se puede guardar f\u00e1cilmente:<\/span><br data-start=\"1602\" data-end=\"1605\" \/><span>\ud83d\ude97 En el coche \u2022 \ud83d\udecb\ufe0f Debajo del sof\u00e1 \u2022 \ud83d\uddc4\ufe0f En un armario o trastero<\/span><\/p>\n<h3 class=\"\" data-start=\"1678\" data-end=\"1714\"><span>\u2705\u00a0<strong data-start=\"1684\" data-end=\"1714\">Contenido del paquete<\/strong><\/span><\/h3>\n<ul data-start=\"1716\" data-end=\"1794\">\n<li class=\"\" data-start=\"1716\" data-end=\"1752\">\n<p class=\"\" data-start=\"1718\" data-end=\"1752\"><span>Escalera telesc\u00f3pica de aluminio de 1,5 m<\/span><\/p>\n<\/li>\n<li class=\"\" data-start=\"1753\" data-end=\"1773\">\n<p class=\"\" data-start=\"1755\" data-end=\"1773\"><span>1 Manual de usuario<\/span><\/p>\n<\/li>\n<li class=\"\" data-start=\"1774\" data-end=\"1794\">\n<p class=\"\" data-start=\"1776\" data-end=\"1794\"><span>Embalaje seguro<\/span><\/p>\n<\/li>\n<\/ul>\n<p>&nbsp;<\/p>\n<p><img decoding=\"async\" src=\"https:\/\/cdn.shopify.com\/s\/files\/1\/0783\/3891\/6386\/files\/20250505_0854_MeccanismoBloccaggioScala_remix_01jtg4pbe4f4094w7sphdhvjs8.png?v=1746446556\" \/><\/p>\n<p>&nbsp;<\/p>\n<div>\n<h2 data-end=\"2469\" data-start=\"2442\"><strong data-end=\"2467\" data-start=\"2445\"><span>NUESTRA GARANT\u00cdA<\/span><\/strong><\/h2>\n<ol data-end=\"2921\" data-start=\"2470\">\n<li data-end=\"2621\" data-start=\"2470\"><strong data-end=\"2496\" data-start=\"2473\"><span>Creemos firmemente<\/span><\/strong>\u00a0<span>\u00a0en ofrecer productos innovadores y queremos garantizarle\u00a0<strong data-end=\"2619\" data-start=\"2558\">seguridad total con una prueba sin riesgos de 40 d\u00edas.<\/strong><\/span><\/li>\n<li data-end=\"2786\" data-start=\"2622\"><strong data-end=\"2668\" data-start=\"2625\"><span>Comprar en l\u00ednea puede ser complicado<\/span><\/strong><span>\u00a0, por eso queremos que tengas confianza en tu compra.\u00a0<strong data-end=\"2784\" data-start=\"2726\">Si no quedas satisfecho, \u00a1te reembolsaremos el importe \u00edntegro!<\/strong><\/span><\/li>\n<li data-end=\"2921\" data-start=\"2787\"><strong data-end=\"2817\" data-start=\"2790\"><span>Atenci\u00f3n al cliente disponible 24\/7<\/span><\/strong>\u00a0<span>\u00a0por ticket y correo electr\u00f3nico, los 365 d\u00edas del a\u00f1o.\u00a0<strong data-end=\"2919\" data-start=\"2877\">Cont\u00e1ctanos si necesitas ayuda.<\/strong><\/span><\/li>\n<\/ol>\n<\/div>\n<div>\n<dl data-hb-id=\"DescriptionList\">\n<dt>\n<p data-end=\"2988\" data-start=\"2923\"><span>\u00a1Haga clic\u00a0<strong data-end=\"2957\" data-start=\"2933\">en AGREGAR AL CARRITO<\/strong>\u00a0para pedir su gallinero!<\/span><\/p>\n<p data-end=\"3058\" data-start=\"2990\"><span>\ud83d\udd12\u00a0<strong data-end=\"3018\" data-start=\"2993\">Pago 100% seguro<\/strong>\u00a0con Visa, Mastercard, Amex, Discover.<\/span><\/p>\n<p data-end=\"3116\" data-start=\"3060\"><span>\u2705\u00a0<strong data-end=\"3114\" data-start=\"3062\">Satisfacci\u00f3n 100% garantizada en cada pedido.<\/strong><\/span><\/p>\n<hr data-end=\"3121\" data-start=\"3118\" \/>\n<h3 data-end=\"3166\" data-start=\"3123\"><strong data-end=\"3164\" data-start=\"3127\"><span>GARANT\u00cdA DE DEVOLUCI\u00d3N DE DINERO<\/span><\/strong><\/h3>\n<p data-end=\"3341\" data-start=\"3167\"><span>Queremos que est\u00e9\u00a0<strong data-end=\"3207\" data-start=\"3187\">100% satisfecho<\/strong>\u00a0con los productos que compra. Si por\u00a0<strong data-end=\"3260\" data-start=\"3240\">alguna raz\u00f3n<\/strong>\u00a0no est\u00e1 satisfecho con su compra, le\u00a0<strong data-end=\"3339\" data-start=\"3294\">ofrecemos una garant\u00eda de devoluci\u00f3n de dinero.<\/strong><\/span><\/p>\n<p data-end=\"3510\" data-start=\"3343\"><strong data-end=\"3436\" data-start=\"3343\"><span>Comprar en l\u00ednea puede ser dif\u00edcil, pero queremos que sepas que no hay ning\u00fan riesgo.<\/span><\/strong>\u00a0<span>\u00a0Si no te gusta el producto,\u00a0<strong data-end=\"3508\" data-start=\"3466\">lo solucionaremos. \u00a1Te lo prometemos!<\/strong><\/span><\/p>\n<\/dt>\n<\/dl>\n<\/div>\n","protected":false},"excerpt":{"rendered":"<p>\ud83d\udca5\u00a0S\u00f3lo hoy: 32,50\u20ac\u00a0\ud83d\udcb8 Precio original:\u00a0\u00a0150,00\u20ac\u00a1Ahorra ahora y trabaja con seguridad a cualquier altura!Env\u00edos r\u00e1pidos a toda Italia \ud83d\udd27\u00a0Caracter\u00edsticas principales \u2705 Extensi\u00f3n completa:\u00a05M (2,5 + 2,5m)\u00a0\u2705 Total\u00a0de 16 escalones\u00a0con espaciado de 30cm\u00a0\u2705 Material:\u00a0aleaci\u00f3n de aluminio\u00a0ultra resistente\u00a0\u2705 Carga m\u00e1xima:\u00a0150kg\u00a0\u2705 Bloqueo independiente en cada secci\u00f3n \u2705\u00a0Certificaci\u00f3n\u00a0de seguridad\u00a0europea EN131\u00a0\u00a0\u00a0\u00a0\u00a0\u00a0 \u00a1\u00a05 funciones en 1 b\u00e1scula! Escalera\u00a0telesc\u00f3pica recta Marco en forma [&hellip;]<\/p>\n","protected":false},"featured_media":100,"comment_status":"open","ping_status":"closed","template":"","meta":[],"product_brand":[],"product_cat":[15],"product_tag":[],"class_list":{"0":"post-99","1":"product","2":"type-product","3":"status-publish","4":"has-post-thumbnail","6":"product_cat-sem-categoria","8":"first","9":"instock","10":"sale","11":"taxable","12":"shipping-taxable","13":"purchasable","14":"product-type-simple"},"_links":{"self":[{"href":"https:\/\/marketnuvia.com\/es\/wp-json\/wp\/v2\/product\/99","targetHints":{"allow":["GET"]}}],"collection":[{"href":"https:\/\/marketnuvia.com\/es\/wp-json\/wp\/v2\/product"}],"about":[{"href":"https:\/\/marketnuvia.com\/es\/wp-json\/wp\/v2\/types\/product"}],"replies":[{"embeddable":true,"href":"https:\/\/marketnuvia.com\/es\/wp-json\/wp\/v2\/comments?post=99"}],"wp:featuredmedia":[{"embeddable":true,"href":"https:\/\/marketnuvia.com\/es\/wp-json\/wp\/v2\/media\/100"}],"wp:attachment":[{"href":"https:\/\/marketnuvia.com\/es\/wp-json\/wp\/v2\/media?parent=99"}],"wp:term":[{"taxonomy":"product_brand","embeddable":true,"href":"https:\/\/marketnuvia.com\/es\/wp-json\/wp\/v2\/product_brand?post=99"},{"taxonomy":"product_cat","embeddable":true,"href":"https:\/\/marketnuvia.com\/es\/wp-json\/wp\/v2\/product_cat?post=99"},{"taxonomy":"product_tag","embeddable":true,"href":"https:\/\/marketnuvia.com\/es\/wp-json\/wp\/v2\/product_tag?post=99"}],"curies":[{"name":"wp","href":"https:\/\/api.w.org\/{rel}","templated":true}]}}