{"id":89,"date":"2025-07-05T00:44:13","date_gmt":"2025-07-05T00:44:13","guid":{"rendered":"https:\/\/marketnuvia.com\/?post_type=product&#038;p=89"},"modified":"2025-07-05T01:37:47","modified_gmt":"2025-07-05T01:37:47","slug":"ventilador-silencioso-de-21db-con-oscilacion-de-360-motor-dc-12-velocidades-y-control-remoto","status":"publish","type":"product","link":"https:\/\/marketnuvia.com\/es\/produto\/ventilador-silencioso-de-21db-con-oscilacion-de-360-motor-dc-12-velocidades-y-control-remoto\/","title":{"rendered":"Ventilador silencioso de 21dB con oscilaci\u00f3n de 360\u00b0, motor DC, 12 velocidades y control remoto"},"content":{"rendered":"<p>COMODIDAD TODO EN UNO: Este ventilador funciona tanto como ventilador de pie como de circulaci\u00f3n, ofreciendo m\u00faltiples funciones para una refrigeraci\u00f3n intensa y ahorro de energ\u00eda. Con 12 velocidades de viento, 3 modos de potencia y un temporizador de 15 horas, se adapta perfectamente a tus necesidades.<\/p>\n<p>SISTEMA TURBO PLUS Y DOBLE ASPAS: El motor de CC de alto rendimiento y las aspas dobles garantizan un caudal de aire de 930 m\u00b3\/h y una distribuci\u00f3n eficaz hasta a 24 m de distancia, reduciendo las turbulencias y garantizando una brisa uniforme y confortable.<\/p>\n<p>OSCILACI\u00d3N OMNIDIRECCIONAL AUTOM\u00c1TICA: La oscilaci\u00f3n horizontal de 120\u00b0 y vertical de 135\u00b0 distribuye el aire de forma amplia y eficiente, refrescando toda la habitaci\u00f3n y proporcionando comodidad a toda la familia.<\/p>\n<p>M\u00c1S SILENCIOSO QUE NUNCA: Gracias al nuevo motor de CC y al dise\u00f1o de las aspas, el ventilador reduce el ruido a tan solo 21 dB, proporcionando un ambiente fresco y silencioso, perfecto incluso para dormir.<\/p>\n<p>F\u00c1CIL DE USAR Y MANTENER: Altura ajustable, instalaci\u00f3n simple, pantalla LED, control remoto y filtro extra\u00edble y lavable garantizan un uso c\u00f3modo y una f\u00e1cil limpieza para una experiencia de enfriamiento continua.<\/p>\n","protected":false},"excerpt":{"rendered":"<p>COMODIDAD TODO EN UNO: Este ventilador funciona tanto como ventilador de pie como de circulaci\u00f3n, ofreciendo m\u00faltiples funciones para una refrigeraci\u00f3n intensa y ahorro de energ\u00eda. Con 12 velocidades de viento, 3 modos de potencia y un temporizador de 15 horas, se adapta perfectamente a tus necesidades. SISTEMA TURBO PLUS Y DOBLE ASPAS: El motor [&hellip;]<\/p>\n","protected":false},"featured_media":92,"comment_status":"open","ping_status":"closed","template":"","meta":[],"product_brand":[],"product_cat":[15],"product_tag":[],"class_list":{"0":"post-89","1":"product","2":"type-product","3":"status-publish","4":"has-post-thumbnail","6":"product_cat-sem-categoria","8":"first","9":"instock","10":"sale","11":"shipping-taxable","12":"purchasable","13":"product-type-simple"},"_links":{"self":[{"href":"https:\/\/marketnuvia.com\/es\/wp-json\/wp\/v2\/product\/89","targetHints":{"allow":["GET"]}}],"collection":[{"href":"https:\/\/marketnuvia.com\/es\/wp-json\/wp\/v2\/product"}],"about":[{"href":"https:\/\/marketnuvia.com\/es\/wp-json\/wp\/v2\/types\/product"}],"replies":[{"embeddable":true,"href":"https:\/\/marketnuvia.com\/es\/wp-json\/wp\/v2\/comments?post=89"}],"wp:featuredmedia":[{"embeddable":true,"href":"https:\/\/marketnuvia.com\/es\/wp-json\/wp\/v2\/media\/92"}],"wp:attachment":[{"href":"https:\/\/marketnuvia.com\/es\/wp-json\/wp\/v2\/media?parent=89"}],"wp:term":[{"taxonomy":"product_brand","embeddable":true,"href":"https:\/\/marketnuvia.com\/es\/wp-json\/wp\/v2\/product_brand?post=89"},{"taxonomy":"product_cat","embeddable":true,"href":"https:\/\/marketnuvia.com\/es\/wp-json\/wp\/v2\/product_cat?post=89"},{"taxonomy":"product_tag","embeddable":true,"href":"https:\/\/marketnuvia.com\/es\/wp-json\/wp\/v2\/product_tag?post=89"}],"curies":[{"name":"wp","href":"https:\/\/api.w.org\/{rel}","templated":true}]}}