{"id":25,"date":"2025-06-29T23:02:40","date_gmt":"2025-06-29T23:02:40","guid":{"rendered":"https:\/\/marketnuvia.com\/?post_type=product&#038;p=25"},"modified":"2025-07-05T05:02:07","modified_gmt":"2025-07-05T05:02:07","slug":"juego-de-tumbonas","status":"publish","type":"product","link":"https:\/\/marketnuvia.com\/es\/produto\/juego-de-tumbonas\/","title":{"rendered":"Juego de 2 tumbonas de jard\u00edn plegables para exterior con mesa auxiliar portavasos, silla reclinable con reposacabezas desmontable"},"content":{"rendered":"<p data-start=\"102\" data-end=\"318\"><strong data-start=\"102\" data-end=\"119\">SET COMPLETO:<\/strong>\u00a0Rilassati con questo set da 3 pezzi, che include 2 sedie da giardino e 1 tavolino pieghevole. Ideale per sedersi e rilassarsi in giardino, piscina, terrazza, balconi e altri spazi interni o esterni.<\/p>\n<p data-start=\"320\" data-end=\"598\"><strong data-start=\"320\" data-end=\"341\">STABILE E SICURO:<\/strong>\u00a0Carico massimo: 120 kg. Grazie al materiale in textilene e alla struttura in metallo, la nostra sedia pieghevole pu\u00f2 sostenere fino a 120 kg. La struttura \u00e8 verniciata a polvere nera, resistente alla corrosione e allo sfogliamento, garantendo lunga durata.<\/p>\n<p data-start=\"600\" data-end=\"788\"><strong data-start=\"600\" data-end=\"615\">REGOLABILE:<\/strong>\u00a0L\u2019angolazione della nostra sedia pu\u00f2 essere regolata in base alle tue esigenze. Basta passare da una posizione seduta a una posizione reclinata sfruttando il peso corporeo.<\/p>\n<p data-start=\"790\" data-end=\"1043\"><strong data-start=\"790\" data-end=\"801\">COMODA:<\/strong>\u00a0La nostra sdraio da giardino \u00e8 dotata di un poggiatesta imbottito rimovibile per proteggere le vertebre cervicali nella posizione di relax desiderata. Inoltre, grazie all\u2019inclinazione di 127 gradi, ti permette di rilassarti in modo ottimale.<\/p>\n<p data-start=\"1045\" data-end=\"1233\"><strong data-start=\"1045\" data-end=\"1072\">PIEGHEVOLE E PORTATILE:<\/strong>\u00a0La nostra sdraio \u00e8 facile da piegare. Puoi metterla in auto e portarla con te nei tuoi viaggi senza problemi. Pu\u00f2 essere facilmente riposta quando non \u00e8 in uso.<\/p>\n<h2>Product Description<\/h2>\n<div class=\"aplus-v2 desktop celwidget\" data-csa-c-id=\"24dwn1-rbo2ky-8bah34-glxlzr\" data-cel-widget=\"aplus\">\n<div class=\"celwidget aplus-module module-12 aplus-standard\" data-csa-c-id=\"op4xbj-8mnhul-e0czdb-j1jrj\" data-cel-widget=\"aplus-module-12\">\n<div class=\"aplus-module-wrapper apm-spacing apm-floatnone apm-fixed-width\">\n<div class=\"apm-sidemodule aplus-module-content\">\n<div class=\"apm-hero-image\"><\/div>\n<\/div>\n<\/div>\n<div><\/div>\n<\/div>\n<div class=\"celwidget aplus-module 3p-module-b aplus-standard\" data-csa-c-id=\"c9zdvy-qd75kv-tutv1d-kczk8p\" data-cel-widget=\"aplus-3p-module-b\">\n<div class=\"aplus-module-wrapper aplus-3p-fixed-width\">\n<p><img decoding=\"async\" class=\"a-spacing-base\" src=\"https:\/\/m.media-amazon.com\/images\/S\/aplus-media-library-service-media\/79ade237-9885-4629-bac6-a17cd23c5f83.__CR0,0,970,600_PT0_SX970_V1___.jpg\" alt=\"chaise longue avec support de gobelet\" data-src=\"https:\/\/m.media-amazon.com\/images\/S\/aplus-media-library-service-media\/79ade237-9885-4629-bac6-a17cd23c5f83.__CR0,0,970,600_PT0_SX970_V1___.jpg\" \/><\/p>\n<h3 data-start=\"225\" data-end=\"269\"><strong data-start=\"229\" data-end=\"269\">Perch\u00e9 scegliere il nostro prodotto?<\/strong><\/h3>\n<ul data-start=\"271\" data-end=\"803\">\n<li data-start=\"271\" data-end=\"388\">\n<p data-start=\"273\" data-end=\"388\">La nostra poltrona ti consente di adattarti facilmente a qualsiasi angolazione, da verticale a quasi orizzontale.<\/p>\n<\/li>\n<li data-start=\"389\" data-end=\"555\">\n<p data-start=\"391\" data-end=\"555\">Ogni sedia ha una capacit\u00e0 massima di carico di 120 kg. Il materiale in textilene e la struttura in metallo ti offriranno un&#8217;esperienza pi\u00f9 sicura e confortevole.<\/p>\n<\/li>\n<li data-start=\"556\" data-end=\"803\">\n<p data-start=\"558\" data-end=\"803\">Si piega all\u2019istante ed \u00e8 leggera, per un facile trasporto e risparmio di spazio. Puoi metterla in auto per portarla in viaggio. Questa poltrona lounge \u00e8 perfetta per prendere il sole in estate o per rilassarsi dopo una lunga giornata di lavoro.<\/p>\n<\/li>\n<\/ul>\n<p>&nbsp;<\/p>\n<\/div>\n<\/div>\n<div class=\"celwidget aplus-module module-1 aplus-standard\" data-csa-c-id=\"cu5xcj-263ya5-9c96v1-57lll6\" data-cel-widget=\"aplus-module-1\">\n<div class=\"aplus-module-wrapper apm-fixed-width\">\n<div class=\"apm-spacing apm-wrap\">\n<div class=\"apm-floatleft apm-wrap\">\n<div class=\"apm-leftimage\"><img decoding=\"async\" class=\"a-spacing-mini\" src=\"https:\/\/m.media-amazon.com\/images\/S\/aplus-media-library-service-media\/b243ccab-a4e4-40cd-aef1-d978f8dabff3.__CR63,0,375,500_PT0_SX300_V1___.jpg\" alt=\"chaise longue confortable\" data-src=\"https:\/\/m.media-amazon.com\/images\/S\/aplus-media-library-service-media\/b243ccab-a4e4-40cd-aef1-d978f8dabff3.__CR63,0,375,500_PT0_SX300_V1___.jpg\" \/><br \/>\n<span class=\"a-size-small a-color-secondary\">Materiali di qualit\u00e0<\/span><\/div>\n<div class=\"apm-rightthirdcol\">\n<div class=\"apm-rightthirdcol-inner\">\n<p class=\"a-spacing-small a-size-small a-color-secondary\">Il nostro negozio VOUNOT desidera offrirti una gamma di prodotti pratici per la casa e il giardino.<\/p>\n<p class=\"a-spacing-small a-size-small a-color-secondary\">Il nostro marchio VOUNOT \u00e8 registrato presso l&#8217;INPI e sebbene sia ancora giovane, i nostri team hanno pi\u00f9 di 15 anni di esperienza con i principali marchi di prodotti per la casa e il giardino in Francia che hanno fornito durante tutti questi anni.<\/p>\n<\/div>\n<\/div>\n<div class=\"apm-centerthirdcol apm-wrap\">\n<h3 class=\"a-spacing-mini\">Poltrona pieghevole in Textilene<\/h3>\n<h4 class=\"a-spacing-mini a-color-secondary a-text-italic\">I vantaggi di Textilene<\/h4>\n<p class=\"a-spacing-base\">La rete text Ilene, altamente traspirante e stabilizzata ai raggi UV, \u00e8 resistente e ad asciugatura rapida. Il tessuto \u00e8 resistente e facile da pulire textilene si riferisce a un materiale sintetico composto da una miscela di poliestere (le fibre sono rivestite in PVC che pu\u00f2 resistere alle intemperie e ai raggi UV.<\/p>\n<p class=\"a-spacing-base\">La struttura porosa del textilene facilita la respirazione della pelle. La manutenzione di questa tela dall&#8217;aspetto moderno \u00e8 limitata alla pulizia.<\/p>\n<\/div>\n<\/div>\n<\/div>\n<\/div>\n<div><\/div>\n<\/div>\n<div class=\"celwidget aplus-module 3p-module-b aplus-standard\" data-csa-c-id=\"wz81zs-nwiit5-k0l220-5fda29\" data-cel-widget=\"aplus-3p-module-b\">\n<div class=\"aplus-module-wrapper aplus-3p-fixed-width\">\n<p><img decoding=\"async\" class=\"a-spacing-base\" src=\"https:\/\/m.media-amazon.com\/images\/S\/aplus-media\/sc\/e153ea3d-2139-4cb1-82f3-1c440ec6f458.__CR0,0,970,600_PT0_SX970_V1___.jpg\" alt=\"chaise long relax fauteuil\" data-src=\"https:\/\/m.media-amazon.com\/images\/S\/aplus-media\/sc\/e153ea3d-2139-4cb1-82f3-1c440ec6f458.__CR0,0,970,600_PT0_SX970_V1___.jpg\" \/><\/p>\n<h3 data-start=\"1622\" data-end=\"1650\"><strong data-start=\"1626\" data-end=\"1650\">Istruzioni per l\u2019uso<\/strong><\/h3>\n<p data-start=\"1652\" data-end=\"1703\">Le nostre poltrone reclinabili sono pronte all\u2019uso.<\/p>\n<ol data-start=\"1705\" data-end=\"1860\">\n<li data-start=\"1705\" data-end=\"1763\">\n<p data-start=\"1708\" data-end=\"1763\">Siediti sulla sedia, afferra i braccioli con le mani.<\/p>\n<\/li>\n<li data-start=\"1764\" data-end=\"1805\">\n<p data-start=\"1767\" data-end=\"1805\">Appoggia i piedi sul tubo anteriore.<\/p>\n<\/li>\n<li data-start=\"1806\" data-end=\"1860\">\n<p data-start=\"1809\" data-end=\"1860\">Reclinati indietro sfruttando il tuo peso corporeo.<\/p>\n<\/li>\n<\/ol>\n<p data-start=\"1862\" data-end=\"2016\">Puoi anche posizionare il tuo laptop o una bevanda accanto a te. \u00c8 ideale per ascoltare musica, dormire o gustare un caff\u00e8 con gli amici nel tuo giardino.<\/p>\n<h3 data-start=\"2023\" data-end=\"2056\"><strong data-start=\"2027\" data-end=\"2056\">Caratteristiche tecniche:<\/strong><\/h3>\n<ul data-start=\"2058\" data-end=\"2301\">\n<li data-start=\"2058\" data-end=\"2102\">\n<p data-start=\"2060\" data-end=\"2102\">Dimensioni aperta:\u00a0<strong data-start=\"2079\" data-end=\"2100\">165 x 112 x 65 cm<\/strong><\/p>\n<\/li>\n<li data-start=\"2103\" data-end=\"2146\">\n<p data-start=\"2105\" data-end=\"2146\">Dimensioni piegata:\u00a0<strong data-start=\"2125\" data-end=\"2144\">90 x 66 x 16 cm<\/strong><\/p>\n<\/li>\n<li data-start=\"2147\" data-end=\"2184\">\n<p data-start=\"2149\" data-end=\"2184\">Larghezza del sedile:\u00a0<strong data-start=\"2171\" data-end=\"2182\">53,5 cm<\/strong><\/p>\n<\/li>\n<li data-start=\"2185\" data-end=\"2205\">\n<p data-start=\"2187\" data-end=\"2205\">Peso:\u00a0<strong data-start=\"2193\" data-end=\"2203\">6,7 kg<\/strong><\/p>\n<\/li>\n<li data-start=\"2206\" data-end=\"2274\">\n<p data-start=\"2208\" data-end=\"2274\">Accessori:\u00a0<strong data-start=\"2219\" data-end=\"2272\">1 cuscino rimovibile, 1 portabicchieri estraibile<\/strong><\/p>\n<\/li>\n<li data-start=\"2275\" data-end=\"2301\">\n<p data-start=\"2277\" data-end=\"2301\">Materiale:\u00a0<strong data-start=\"2288\" data-end=\"2301\">Textilene<\/strong><\/p>\n<\/li>\n<\/ul>\n<\/div>\n<\/div>\n<div class=\"celwidget aplus-module module-12 aplus-standard\" data-csa-c-id=\"4mm1zb-xidolx-jwbzp8-2mydok\" data-cel-widget=\"aplus-module-12\">\n<div class=\"aplus-module-wrapper apm-spacing apm-floatnone apm-fixed-width\">\n<div class=\"apm-sidemodule aplus-module-content\">\n<div class=\"apm-hero-image\"><img decoding=\"async\" class=\"\" src=\"https:\/\/m.media-amazon.com\/images\/S\/aplus-media-library-service-media\/479e4fc1-d2ce-4da3-9d87-a8c27a5ad51f.__CR0,0,970,300_PT0_SX970_V1___.jpg\" alt=\"lafuma chaise\" data-src=\"https:\/\/m.media-amazon.com\/images\/S\/aplus-media-library-service-media\/479e4fc1-d2ce-4da3-9d87-a8c27a5ad51f.__CR0,0,970,300_PT0_SX970_V1___.jpg\" \/><\/div>\n<\/div>\n<\/div>\n<\/div>\n<\/div>\n","protected":false},"excerpt":{"rendered":"<p><img fetchpriority=\"high\" decoding=\"async\" class=\"alignnone size-medium wp-image-32\" src=\"https:\/\/marketnuvia.com\/wp-content\/uploads\/2025\/06\/img1-300x223.jpg\" alt=\"\" width=\"300\" height=\"223\" srcset=\"https:\/\/marketnuvia.com\/wp-content\/uploads\/2025\/06\/img1-300x223.jpg 300w, https:\/\/marketnuvia.com\/wp-content\/uploads\/2025\/06\/img1-600x445.jpg 600w, https:\/\/marketnuvia.com\/wp-content\/uploads\/2025\/06\/img1-768x570.jpg 768w, https:\/\/marketnuvia.com\/wp-content\/uploads\/2025\/06\/img1.jpg 999w\" sizes=\"(max-width: 300px) 100vw, 300px\" \/><\/p>\n","protected":false},"featured_media":32,"comment_status":"open","ping_status":"closed","template":"","meta":[],"product_brand":[],"product_cat":[15],"product_tag":[],"class_list":{"0":"post-25","1":"product","2":"type-product","3":"status-publish","4":"has-post-thumbnail","6":"product_cat-sem-categoria","8":"first","9":"instock","10":"sale","11":"purchasable","12":"product-type-simple"},"_links":{"self":[{"href":"https:\/\/marketnuvia.com\/es\/wp-json\/wp\/v2\/product\/25","targetHints":{"allow":["GET"]}}],"collection":[{"href":"https:\/\/marketnuvia.com\/es\/wp-json\/wp\/v2\/product"}],"about":[{"href":"https:\/\/marketnuvia.com\/es\/wp-json\/wp\/v2\/types\/product"}],"replies":[{"embeddable":true,"href":"https:\/\/marketnuvia.com\/es\/wp-json\/wp\/v2\/comments?post=25"}],"wp:featuredmedia":[{"embeddable":true,"href":"https:\/\/marketnuvia.com\/es\/wp-json\/wp\/v2\/media\/32"}],"wp:attachment":[{"href":"https:\/\/marketnuvia.com\/es\/wp-json\/wp\/v2\/media?parent=25"}],"wp:term":[{"taxonomy":"product_brand","embeddable":true,"href":"https:\/\/marketnuvia.com\/es\/wp-json\/wp\/v2\/product_brand?post=25"},{"taxonomy":"product_cat","embeddable":true,"href":"https:\/\/marketnuvia.com\/es\/wp-json\/wp\/v2\/product_cat?post=25"},{"taxonomy":"product_tag","embeddable":true,"href":"https:\/\/marketnuvia.com\/es\/wp-json\/wp\/v2\/product_tag?post=25"}],"curies":[{"name":"wp","href":"https:\/\/api.w.org\/{rel}","templated":true}]}}