{"id":203,"date":"2025-07-05T06:02:13","date_gmt":"2025-07-05T06:02:13","guid":{"rendered":"https:\/\/marketnuvia.com\/?post_type=product&#038;p=203"},"modified":"2025-07-10T21:33:45","modified_gmt":"2025-07-10T21:33:45","slug":"juego-de-herramientas-de-1031-piezas-con-estuche-con-ruedas-llaves-combinadas-y-llave-universal","status":"publish","type":"product","link":"https:\/\/marketnuvia.com\/es\/produto\/juego-de-herramientas-de-1031-piezas-con-estuche-con-ruedas-llaves-combinadas-y-llave-universal\/","title":{"rendered":"Juego de herramientas de 1031 piezas con estuche con ruedas, llaves combinadas y llave universal"},"content":{"rendered":"<div id=\"shopify-section-template--17071338782804__product-content\" class=\"shopify-section shopify-section--product-content\">\n<section class=\"container\">\n<div id=\"product-7718750191700-content\" class=\"product-content anchor\">\n<div id=\"product-7718750191700-tabs\" class=\"product-content__tabs anchor\">\n<div class=\"product-tabs\">\n<div class=\"product-tabs__content\">\n<div id=\"block-template--17071338782804__product-content-description\" class=\"product-tabs__tab-item-wrapper\">\n<div class=\"product-tabs__tab-item-content rte\">\n<div class=\"flex-shrink-0 flex flex-col relative items-end\">\n<div class=\"pt-0\">\n<div class=\"gizmo-bot-avatar flex h-8 w-8 items-center justify-center overflow-hidden rounded-full\">\n<div class=\"relative p-1 rounded-sm flex items-center justify-center bg-token-main-surface-primary text-token-text-primary h-8 w-8\">\n<div class=\"flex max-w-full flex-col flex-grow\">\n<div class=\"min-h-8 text-message flex w-full flex-col items-end gap-2 whitespace-normal break-words text-start [.text-message+&amp;]:mt-5\" dir=\"auto\" data-message-author-role=\"assistant\" data-message-id=\"5ecf49fd-e56f-4e16-9c34-f46e9a17c041\" data-message-model-slug=\"gpt-4o\">\n<div class=\"flex w-full flex-col gap-1 empty:hidden first:pt-[3px]\">\n<div class=\"markdown prose w-full break-words dark:prose-invert dark\">\n<h3><strong>Malet\u00edn de herramientas \u2013 Juego completo de 1031 piezas<\/strong>\u00a0\u00a0\ud83d\udd27\ud83d\udd28<\/h3>\n<p>\u00a1El mejor juego de herramientas para cada necesidad! Con\u00a0\u00a0<strong>1031 piezas<\/strong>\u00a0, este\u00a0\u00a0<strong>malet\u00edn<\/strong>\u00a0\u00a0es perfecto para\u00a0\u00a0<strong>profesionales, aficionados al bricolaje y cualquiera que necesite una soluci\u00f3n completa para mantenimiento y reparaciones<\/strong>\u00a0.<\/p>\n<h3><strong>Caracter\u00edsticas principales:<\/strong><\/h3>\n<p>\u2705\u00a0\u00a0<strong>Juego completo de 1031 piezas<\/strong>\u00a0\u00a0\u2013 Todas las herramientas esenciales en un solo estuche<br \/>\n\u2705\u00a0\u00a0<strong>Materiales de alta calidad<\/strong>\u00a0\u00a0\u2013 Herramientas resistentes y duraderas para cualquier tipo de trabajo<br \/>\n\u2705\u00a0\u00a0<strong>Organizaci\u00f3n perfecta<\/strong>\u00a0\u00a0\u2013 Compartimentos internos dise\u00f1ados para mantener todo en orden<br \/>\n\u2705\u00a0\u00a0<strong>Dise\u00f1o port\u00e1til<\/strong>\u00a0\u00a0\u2013 Mango ergon\u00f3mico para un transporte f\u00e1cil y c\u00f3modo<br \/>\n\u2705\u00a0\u00a0<strong>Ideal para cualquier uso<\/strong>\u00a0\u00a0\u2013 Perfecto para el hogar, el taller, el autom\u00f3vil y trabajos profesionales<\/p>\n<p>\u00a1Con este estuche\u00a0\u00a0<strong>tendr\u00e1s siempre a mano la herramienta adecuada para cada tipo de intervenci\u00f3n!<\/strong>\u00a0\u00a0\ud83d\udd29\u2699\ufe0f<\/p>\n<h3><strong>Especificaciones t\u00e9cnicas:<\/strong><\/h3>\n<ul>\n<li><strong>Material principal:<\/strong>\u00a0\u00a0Otros materiales met\u00e1licos.<\/li>\n<li><strong>Modelos aplicables:<\/strong>\u00a0\u00a0Ver detalles del producto.<\/li>\n<\/ul>\n<\/div>\n<\/div>\n<\/div>\n<\/div>\n<div class=\"mb-2 flex gap-3 empty:hidden -ml-2\"><\/div>\n<\/div>\n<\/div>\n<\/div>\n<\/div>\n<div class=\"group\/conversation-turn relative flex w-full min-w-0 flex-col agent-turn\">\n<div class=\"flex-col gap-1 md:gap-3\">\n<div class=\"flex max-w-full flex-col flex-grow\">\n<div class=\"min-h-8 text-message flex w-full flex-col items-end gap-2 whitespace-normal break-words text-start [.text-message+&amp;]:mt-5\" dir=\"auto\" data-message-author-role=\"assistant\" data-message-id=\"9c4f6b56-b530-4019-b6e5-e4758c3b2caf\" data-message-model-slug=\"gpt-4o\">\n<div class=\"flex w-full flex-col gap-1 empty:hidden first:pt-[3px]\">\n<div class=\"markdown prose w-full break-words dark:prose-invert dark\">\n<div class=\"_2jCYETGt\">\n<div class=\"_1JEUQB2s\" tabindex=\"0\" role=\"button\" data-index=\"0\">\n<div class=\"_22_BWn2A\"><img decoding=\"async\" class=\"lazy-image _1utFCyM0 loaded\" role=\"img\" src=\"https:\/\/img-eu.kwcdn.com\/local-goods-img\/1f66680410\/f63b9550-9fc1-4940-8aa0-939104756a6b_1500x1500.jpeg.format.jpg?imageView2\/2\/w\/800\/q\/70\/format\/webp\" alt=\"kit de herrajes conjunto de herrajes con 1031 piezas. maleta com rodas ajunto de chaves a universal clave detalles 0\" data-state=\"succ\" data-index=\"0\" aria-label=\"Im\u00e1genes del mercado\" data-retry-count=\"0\" data-was-processed=\"true\" \/><\/div>\n<\/div>\n<\/div>\n<div class=\"_2jCYETGt\">\n<div class=\"_1JEUQB2s\" tabindex=\"0\" role=\"button\" data-index=\"1\">\n<div class=\"_22_BWn2A\"><img decoding=\"async\" class=\"lazy-image _1utFCyM0 loaded\" role=\"img\" src=\"https:\/\/img-eu.kwcdn.com\/local-goods-img\/1f66680410\/c291d63f-e842-4aec-a2de-b3da651516bf_1500x1500.jpeg.format.jpg?imageView2\/2\/w\/800\/q\/70\/format\/webp\" alt=\"kit de herrajes conjunto de herrajes con 1031 piezas. maleta con ruedas conjunto de chaves un chave universal detalles 1\" data-state=\"succ\" data-index=\"1\" aria-label=\"Im\u00e1genes del mercado\" data-retry-count=\"0\" data-was-processed=\"true\" \/><\/div>\n<\/div>\n<\/div>\n<div class=\"_2jCYETGt\">\n<div class=\"_1JEUQB2s\" tabindex=\"0\" role=\"button\" data-index=\"2\">\n<div class=\"_22_BWn2A\"><img decoding=\"async\" class=\"lazy-image _1utFCyM0 loaded\" role=\"img\" src=\"https:\/\/img-eu.kwcdn.com\/local-goods-img\/1f66680410\/29a2683f-48b9-4eaa-a8b3-2c533565a905_1500x1500.jpeg.format.jpg?imageView2\/2\/w\/800\/q\/70\/format\/webp\" alt=\"Kit de herrajes para llave universal con 1031 piezas. Incluye estuche y varillas. Detalles de la llave universal: 2\" data-state=\"succ\" data-index=\"2\" aria-label=\"Im\u00e1genes del mercado\" data-retry-count=\"0\" data-was-processed=\"true\" \/><\/div>\n<\/div>\n<\/div>\n<div class=\"_2jCYETGt\">\n<div class=\"_1JEUQB2s\" tabindex=\"0\" role=\"button\" data-index=\"3\">\n<div class=\"_22_BWn2A\"><img decoding=\"async\" class=\"lazy-image _1utFCyM0 loaded\" role=\"img\" src=\"https:\/\/img-eu.kwcdn.com\/local-goods-img\/1f66680410\/169485c9-dc76-4bf6-be10-cca2c8e242a2_1500x1500.jpeg.format.jpg?imageView2\/2\/w\/800\/q\/70\/format\/webp\" alt=\"kit de herrajes conjunto de herrajes con 1031 piezas. maleta con ruedas conjunto de chaves un chave universal detalles 3\" data-state=\"succ\" data-index=\"3\" aria-label=\"Im\u00e1genes del mercado\" data-retry-count=\"0\" data-was-processed=\"true\" \/><\/div>\n<\/div>\n<\/div>\n<div class=\"_2jCYETGt\">\n<div class=\"_1JEUQB2s\" tabindex=\"0\" role=\"button\" data-index=\"4\">\n<div class=\"_22_BWn2A\"><img decoding=\"async\" class=\"lazy-image _1utFCyM0 loaded\" role=\"img\" src=\"https:\/\/img-eu.kwcdn.com\/local-goods-img\/1f66680410\/96ef11df-58a8-4146-a69e-c9085127a276_1500x1500.jpeg.format.jpg?imageView2\/2\/w\/800\/q\/70\/format\/webp\" alt=\"Kit de herrajes para maleta con 1031 piezas. Maleta con varillas, conjuntos de llaves, llave universal, detalles 4\" data-state=\"succ\" data-index=\"4\" aria-label=\"Im\u00e1genes del mercado\" data-retry-count=\"0\" data-was-processed=\"true\" \/><\/div>\n<\/div>\n<\/div>\n<div class=\"_2jCYETGt\">\n<div class=\"_1JEUQB2s\" tabindex=\"0\" role=\"button\" data-index=\"5\">\n<div class=\"_22_BWn2A\"><img decoding=\"async\" class=\"lazy-image _1utFCyM0 loaded\" role=\"img\" src=\"https:\/\/img-eu.kwcdn.com\/local-goods-img\/1f66680410\/0685b0ee-c17e-4596-b831-039da75103fa_1500x1500.jpeg.format.jpg?imageView2\/2\/w\/800\/q\/70\/format\/webp\" alt=\"kit de herrajes conjunto de herrajes con 1031 piezas. maleta con ruedas conjunto de chaves un chave universal detalles 5\" data-state=\"succ\" data-index=\"5\" aria-label=\"Im\u00e1genes del mercado\" data-retry-count=\"0\" data-was-processed=\"true\" \/><\/div>\n<\/div>\n<\/div>\n<div class=\"_2jCYETGt\">\n<div class=\"_1JEUQB2s\" tabindex=\"0\" role=\"button\" data-index=\"6\">\n<div class=\"_22_BWn2A\"><img decoding=\"async\" class=\"lazy-image _1utFCyM0 loaded\" role=\"img\" src=\"https:\/\/img-eu.kwcdn.com\/local-goods-img\/1f66680410\/3dcb9076-2a8b-450f-83ac-2486967b883f_1500x1500.jpeg.format.jpg?imageView2\/2\/w\/800\/q\/70\/format\/webp\" alt=\"kit de herrajes conjunto de herrajes con 1031 piezas. maleta con ruedas conjunto de chaves un chave universal detalles 6\" data-state=\"succ\" data-index=\"6\" aria-label=\"Im\u00e1genes del mercado\" data-retry-count=\"0\" data-was-processed=\"true\" \/><\/div>\n<\/div>\n<\/div>\n<div class=\"_2jCYETGt\">\n<div class=\"_1JEUQB2s\" tabindex=\"0\" role=\"button\" data-index=\"7\">\n<div class=\"_22_BWn2A\">\n<div class=\"flex-shrink-0 flex flex-col relative items-end\">\n<div>\n<div class=\"pt-0\">\n<div class=\"gizmo-bot-avatar flex h-8 w-8 items-center justify-center overflow-hidden rounded-full\">\n<div class=\"relative p-1 rounded-sm flex items-center justify-center bg-token-main-surface-primary text-token-text-primary h-8 w-8\"><\/div>\n<\/div>\n<\/div>\n<\/div>\n<\/div>\n<div class=\"group\/conversation-turn relative flex w-full min-w-0 flex-col agent-turn\">\n<div class=\"flex-col gap-1 md:gap-3\">\n<div class=\"flex max-w-full flex-col flex-grow\">\n<div class=\"min-h-8 text-message flex w-full flex-col items-end gap-2 whitespace-normal break-words text-start [.text-message+&amp;]:mt-5\" dir=\"auto\" data-message-author-role=\"assistant\" data-message-id=\"f2005650-a240-48b7-989d-227ba27700f0\" data-message-model-slug=\"gpt-4o\">\n<div class=\"flex w-full flex-col gap-1 empty:hidden first:pt-[3px]\">\n<div class=\"markdown prose w-full break-words dark:prose-invert dark\">\n<h3><strong>Juego de herramientas \u2013 Contenido del estuche<\/strong>\u00a0\u00a0\ud83d\udd27\ud83d\udee0<\/h3>\n<h4><strong>CAJ\u00d3N 1:<\/strong><\/h4>\n<ul>\n<li>9\u00a0\u00a0<strong>llaves de tubo<\/strong>\u00a0\u00a0(8\/9\/10\/11\/12\/13\/14\/15\/17 mm)<\/li>\n<li>1\u00a0\u00a0<strong>alicates universales<\/strong><\/li>\n<li>1\u00a0\u00a0<strong>alicate de corte lateral<\/strong><\/li>\n<li>1\u00a0\u00a0<strong>alicate de punta fina<\/strong><\/li>\n<li>1 x\u00a0\u00a0<strong>Alicates para bomba de agua<\/strong><\/li>\n<li>1\u00a0\u00a0<strong>llave de tubo de boca abierta<\/strong><\/li>\n<\/ul>\n<h4><strong>CAJ\u00d3N 2:<\/strong><\/h4>\n<ul>\n<li>1\u00a0\u00a0<strong>alicate para crimpar extremos de cables<\/strong><\/li>\n<li>1\u00a0\u00a0<strong>cuchillo universal<\/strong><\/li>\n<li>1\u00a0\u00a0<strong>martillo de pico de \u00e1guila<\/strong><\/li>\n<li>1\u00a0\u00a0<strong>par de tijeras<\/strong><\/li>\n<li>1\u00a0\u00a0<strong>pistola de pegamento caliente<\/strong><\/li>\n<li>2\u00a0\u00a0<strong>cartuchos de pegamento<\/strong><\/li>\n<li>1\u00a0\u00a0<strong>nivel de burbuja<\/strong><\/li>\n<li>1\u00a0\u00a0<strong>cinta m\u00e9trica de 5 m<\/strong><\/li>\n<li>1\u00a0\u00a0<strong>cinta aislante negra<\/strong><\/li>\n<li>2\u00a0\u00a0<strong>clips de pl\u00e1stico<\/strong><\/li>\n<li>500\u00a0\u00a0<strong>bridas para cables<\/strong><\/li>\n<li>1\u00a0\u00a0<strong>juego de piezas peque\u00f1as<\/strong><\/li>\n<li>2\u00a0\u00a0<strong>guantes<\/strong><\/li>\n<\/ul>\n<h4><strong>BANDEJA 3:<\/strong><\/h4>\n<ul>\n<li>9\u00a0\u00a0<strong>destornilladores magn\u00e9ticos<\/strong>\u00a0\u00a0(5 de cruz + 4 planos)<\/li>\n<li>2\u00a0\u00a0<strong>destornilladores magn\u00e9ticos<\/strong>\u00a0\u00a0(Phillips + plano)<\/li>\n<li>3\u00a0\u00a0<strong>destornilladores totalmente aislados (485 C)<\/strong>\n<ul>\n<li>(-)\u00a0\u00a0<strong>4\u00d7100 mm, 5,5\u00d7125 mm<\/strong><\/li>\n<li>(+)\u00a0\u00a0<strong>4\u00d7100 mm, 4\u00d7100 mm<\/strong><\/li>\n<\/ul>\n<\/li>\n<li>1\u00a0\u00a0<strong>destornillador de trinquete<\/strong><\/li>\n<li>1\u00a0\u00a0<strong>juego de 6 destornilladores de precisi\u00f3n<\/strong><\/li>\n<li>4\u00a0\u00a0<strong>juegos de 12 brocas<\/strong>\u00a0\u00a0(cruz, planas, dentadas internas)<\/li>\n<li>16\u00a0\u00a0<strong>llaves Allen<\/strong><\/li>\n<\/ul>\n<p>\ud83d\udd29\u00a0\u00a0<strong>\u00a1Un set completo para cada necesidad de trabajo, perfecto para profesionales y aficionados al bricolaje!<\/strong><\/p>\n<\/div>\n<\/div>\n<\/div>\n<\/div>\n<\/div>\n<\/div>\n<\/div>\n<\/div>\n<\/div>\n<\/div>\n<\/div>\n<\/div>\n<\/div>\n<\/div>\n<\/div>\n<\/div>\n<\/div>\n<\/div>\n<\/div>\n<\/div>\n<\/div>\n<\/section>\n<\/div>\n<div id=\"shopify-section-template--17071338782804__174204354327c2d9bd\" class=\"shopify-section shopify-section--apps\"><\/div>\n","protected":false},"excerpt":{"rendered":"<p>Malet\u00edn de herramientas \u2013 Juego completo de 1031 piezas\u00a0\u00a0\ud83d\udd27\ud83d\udd28 \u00a1El mejor juego de herramientas para cada necesidad! Con\u00a0\u00a01031 piezas\u00a0, este\u00a0\u00a0malet\u00edn\u00a0\u00a0es perfecto para\u00a0\u00a0profesionales, aficionados al bricolaje y cualquiera que necesite una soluci\u00f3n completa para mantenimiento y reparaciones\u00a0. Caracter\u00edsticas principales: \u2705\u00a0\u00a0Juego completo de 1031 piezas\u00a0\u00a0\u2013 Todas las herramientas esenciales en un solo estuche \u2705\u00a0\u00a0Materiales de alta calidad\u00a0\u00a0\u2013 [&hellip;]<\/p>\n","protected":false},"featured_media":430,"comment_status":"open","ping_status":"closed","template":"","meta":[],"product_brand":[],"product_cat":[15],"product_tag":[],"class_list":{"0":"post-203","1":"product","2":"type-product","3":"status-publish","4":"has-post-thumbnail","6":"product_cat-sem-categoria","8":"first","9":"instock","10":"sale","11":"taxable","12":"shipping-taxable","13":"purchasable","14":"product-type-simple"},"_links":{"self":[{"href":"https:\/\/marketnuvia.com\/es\/wp-json\/wp\/v2\/product\/203","targetHints":{"allow":["GET"]}}],"collection":[{"href":"https:\/\/marketnuvia.com\/es\/wp-json\/wp\/v2\/product"}],"about":[{"href":"https:\/\/marketnuvia.com\/es\/wp-json\/wp\/v2\/types\/product"}],"replies":[{"embeddable":true,"href":"https:\/\/marketnuvia.com\/es\/wp-json\/wp\/v2\/comments?post=203"}],"wp:featuredmedia":[{"embeddable":true,"href":"https:\/\/marketnuvia.com\/es\/wp-json\/wp\/v2\/media\/430"}],"wp:attachment":[{"href":"https:\/\/marketnuvia.com\/es\/wp-json\/wp\/v2\/media?parent=203"}],"wp:term":[{"taxonomy":"product_brand","embeddable":true,"href":"https:\/\/marketnuvia.com\/es\/wp-json\/wp\/v2\/product_brand?post=203"},{"taxonomy":"product_cat","embeddable":true,"href":"https:\/\/marketnuvia.com\/es\/wp-json\/wp\/v2\/product_cat?post=203"},{"taxonomy":"product_tag","embeddable":true,"href":"https:\/\/marketnuvia.com\/es\/wp-json\/wp\/v2\/product_tag?post=203"}],"curies":[{"name":"wp","href":"https:\/\/api.w.org\/{rel}","templated":true}]}}