{"id":194,"date":"2025-07-05T05:57:18","date_gmt":"2025-07-05T05:57:18","guid":{"rendered":"https:\/\/marketnuvia.com\/?post_type=product&#038;p=194"},"modified":"2025-07-10T21:39:21","modified_gmt":"2025-07-10T21:39:21","slug":"aspiradora-robot-silenciosa-de-2800-pa-con-aplicacion-bateria-de-120-min-y-deposito-de-600-ml","status":"publish","type":"product","link":"https:\/\/marketnuvia.com\/es\/produto\/aspiradora-robot-silenciosa-de-2800-pa-con-aplicacion-bateria-de-120-min-y-deposito-de-600-ml\/","title":{"rendered":"Aspiradora robot silenciosa de 2800 Pa con aplicaci\u00f3n, bater\u00eda de 120 min y dep\u00f3sito de 600 ml"},"content":{"rendered":"<p data-end=\"450\" data-start=\"104\"><strong data-end=\"134\" data-start=\"104\">Succi\u00f3n extrapotente:<\/strong>\u00a0Con una potencia de succi\u00f3n de 2800 Pa y un sistema de limpieza de 3 niveles, el robot aspirador elimina a fondo el pelo de mascotas, las migas y la suciedad. El rascador flotante con tecnolog\u00eda Scraper limpia a fondo el polvo fino de las juntas y los bordes de las alfombras, ideal incluso para suelos irregulares.<\/p>\n<p data-end=\"450\" data-start=\"104\"><img decoding=\"async\" class=\"bg-token-main-surface-tertiary m-0 h-full w-full object-cover\" src=\"https:\/\/tse1.mm.bing.net\/th\/id\/OIP.76yUOLcj8EjSO8rhp60lcgHaFk?w=356&amp;h=356&amp;c=7\" alt=\"https:\/\/mightygadget.co.uk\/wp-content\/uploads\/2022\/09\/AIRROBO-P20-Robot-Aspirador-Rese\u00f1a5-escalado.jpg\" \/><\/p>\n<p data-end=\"709\" data-start=\"452\"><strong data-end=\"500\" data-start=\"452\">Navegaci\u00f3n avanzada y sensores inteligentes:<\/strong>\u00a0El robot aspirador Airrobo P20 sigue una eficiente trayectoria en zigzag, a diferencia de los robots con movimientos aleatorios. Sus sensores de alta sensibilidad previenen ca\u00eddas y colisiones, protegiendo as\u00ed muebles y paredes.<\/p>\n<p data-end=\"976\" data-start=\"711\"><strong data-end=\"743\" data-start=\"711\">Control inteligente con la app:<\/strong>\u00a0Con\u00e9ctate a la app en solo 3 sencillos pasos. Con la app Airrobo, puedes programar la limpieza, cambiar de modo, ajustar la potencia de succi\u00f3n y controlar la direcci\u00f3n. Tambi\u00e9n incluye un control remoto para usar sin conexi\u00f3n a la red.<\/p>\n<p data-end=\"976\" data-start=\"711\"><img decoding=\"async\" class=\"bg-token-main-surface-tertiary m-0 h-full w-full object-cover\" src=\"https:\/\/tse4.mm.bing.net\/th\/id\/OIP.GY8O6a_U6Ui_PEkc0M_C-wHaHa?w=474&amp;h=474&amp;c=7\" alt=\"https:\/\/aisweepers.com\/wp-content\/uploads\/2023\/05\/airrobo-robot-aspirador-con-2800pa-potencia-de-succi\u00f3n-control-app-120-minutos-de-funcionamiento-aspirador-rob\u00f3tico-autocargable.jpg\" \/><\/p>\n<p data-end=\"1285\" data-start=\"978\"><strong data-end=\"1017\" data-start=\"978\">Dise\u00f1o compacto y dep\u00f3sito de gran capacidad:<\/strong>\u00a0Gracias a su delgado cuerpo de 8 cm, el robot limpia f\u00e1cilmente incluso en espacios reducidos. El dep\u00f3sito de 0,6 litros recoge una gran cantidad de polvo y el sistema de filtraci\u00f3n HEPA de tres capas evita que las micropart\u00edculas se dispersen en el aire.<\/p>\n<p data-end=\"1285\" data-start=\"978\"><img decoding=\"async\" class=\"bg-token-main-surface-tertiary m-0 h-full w-full object-cover\" src=\"https:\/\/tse1.mm.bing.net\/th\/id\/OIP.1iVzhz6f4JYqjYifBu6Q9AHaHa?w=474&amp;h=474&amp;c=7\" alt=\"https:\/\/eu.robotshop.com\/cdn\/shop\/files\/airrobo-p20-robot-aspirador-img3_1200x1200.webp?v=1720471544\" \/><\/p>\n<p data-end=\"1532\" data-start=\"1287\"><strong data-end=\"1337\" data-start=\"1287\">120 minutos de autonom\u00eda y carga autom\u00e1tica:<\/strong>\u00a0Hasta 120 minutos de autonom\u00eda con una sola carga. Al finalizar la limpieza o al quedar poca bater\u00eda, el robot regresa autom\u00e1ticamente a la base de carga, listo para el siguiente uso.<\/p>\n","protected":false},"excerpt":{"rendered":"<p>Succi\u00f3n extrapotente:\u00a0Con una potencia de succi\u00f3n de 2800 Pa y un sistema de limpieza de 3 niveles, el robot aspirador elimina a fondo el pelo de mascotas, las migas y la suciedad. El rascador flotante con tecnolog\u00eda Scraper limpia a fondo el polvo fino de las juntas y los bordes de las alfombras, ideal incluso [&hellip;]<\/p>\n","protected":false},"featured_media":439,"comment_status":"open","ping_status":"closed","template":"","meta":[],"product_brand":[],"product_cat":[15],"product_tag":[],"class_list":{"0":"post-194","1":"product","2":"type-product","3":"status-publish","4":"has-post-thumbnail","6":"product_cat-sem-categoria","8":"first","9":"instock","10":"sale","11":"taxable","12":"shipping-taxable","13":"purchasable","14":"product-type-simple"},"_links":{"self":[{"href":"https:\/\/marketnuvia.com\/es\/wp-json\/wp\/v2\/product\/194","targetHints":{"allow":["GET"]}}],"collection":[{"href":"https:\/\/marketnuvia.com\/es\/wp-json\/wp\/v2\/product"}],"about":[{"href":"https:\/\/marketnuvia.com\/es\/wp-json\/wp\/v2\/types\/product"}],"replies":[{"embeddable":true,"href":"https:\/\/marketnuvia.com\/es\/wp-json\/wp\/v2\/comments?post=194"}],"wp:featuredmedia":[{"embeddable":true,"href":"https:\/\/marketnuvia.com\/es\/wp-json\/wp\/v2\/media\/439"}],"wp:attachment":[{"href":"https:\/\/marketnuvia.com\/es\/wp-json\/wp\/v2\/media?parent=194"}],"wp:term":[{"taxonomy":"product_brand","embeddable":true,"href":"https:\/\/marketnuvia.com\/es\/wp-json\/wp\/v2\/product_brand?post=194"},{"taxonomy":"product_cat","embeddable":true,"href":"https:\/\/marketnuvia.com\/es\/wp-json\/wp\/v2\/product_cat?post=194"},{"taxonomy":"product_tag","embeddable":true,"href":"https:\/\/marketnuvia.com\/es\/wp-json\/wp\/v2\/product_tag?post=194"}],"curies":[{"name":"wp","href":"https:\/\/api.w.org\/{rel}","templated":true}]}}