{"id":192,"date":"2025-07-05T05:52:44","date_gmt":"2025-07-05T05:52:44","guid":{"rendered":"https:\/\/marketnuvia.com\/?post_type=product&#038;p=192"},"modified":"2025-07-10T21:41:55","modified_gmt":"2025-07-10T21:41:55","slug":"andamio-elevador-electrico-carga-500-kg","status":"publish","type":"product","link":"https:\/\/marketnuvia.com\/es\/produto\/andamio-elevador-electrico-carga-500-kg\/","title":{"rendered":"Andamio elevador el\u00e9ctrico (carga 500 kg)"},"content":{"rendered":"<div id=\"shopify-section-template--17071338782804__product-content\" class=\"shopify-section shopify-section--product-content\">\n<section class=\"container\">\n<div id=\"product-7718731448404-content\" class=\"product-content anchor\">\n<div id=\"product-7718731448404-tabs\" class=\"product-content__tabs anchor\">\n<div class=\"product-tabs\">\n<div class=\"product-tabs__content\">\n<div id=\"block-template--17071338782804__product-content-description\" class=\"product-tabs__tab-item-wrapper\">\n<div class=\"product-tabs__tab-item-content rte\">\n<h3><strong>ANDAMIO ELEVADOR EL\u00c9CTRICO (CAPACIDAD DE CARGA 500 KG)<\/strong><\/h3>\n<p><img class=\"i-spzhtml-intrinsic-sizer\" role=\"presentation\" width=\"532px\" \/><img decoding=\"async\" class=\"i-spzhtml-fill-content i-spzhtml-replaced-content\" src=\"https:\/\/img.fantaskycdn.com\/c45f246eb12209fa3dc6f0cb42eec73a.jpeg\" \/><\/p>\n<p><img class=\"i-spzhtml-intrinsic-sizer\" role=\"presentation\" width=\"574px\" \/><img decoding=\"async\" class=\"i-spzhtml-fill-content i-spzhtml-replaced-content\" src=\"https:\/\/img.fantaskycdn.com\/56ddaf00fcecce3d3b7e8063c641da0f.jpeg\" \/><\/p>\n<p><img class=\"i-spzhtml-intrinsic-sizer\" role=\"presentation\" width=\"543px\" \/><img decoding=\"async\" class=\"i-spzhtml-fill-content i-spzhtml-replaced-content\" src=\"https:\/\/img.fantaskycdn.com\/26cf09725f90fa3e7a3a30625b72b338.jpeg\" \/><\/p>\n<div class=\"mb-2 flex gap-3 empty:hidden -ml-2\">\n<div class=\"items-center justify-start rounded-xl p-1 flex\">\n<div class=\"flex items-center\">\n<div class=\"flex items-center pb-0\"><\/div>\n<\/div>\n<\/div>\n<\/div>\n<p><img class=\"i-spzhtml-intrinsic-sizer\" role=\"presentation\" width=\"531px\" \/><img decoding=\"async\" class=\"i-spzhtml-fill-content i-spzhtml-replaced-content\" src=\"https:\/\/img.fantaskycdn.com\/9954af4c8ee613d8538afe5628a5ec64.jpeg\" \/><\/p>\n<p><img class=\"i-spzhtml-intrinsic-sizer\" role=\"presentation\" width=\"543px\" \/><img decoding=\"async\" class=\"i-spzhtml-fill-content i-spzhtml-replaced-content\" src=\"https:\/\/img.fantaskycdn.com\/f863b75c90a6a9cab2eaacfdd20c4a60.jpeg\" \/><\/p>\n<p><img class=\"i-spzhtml-intrinsic-sizer\" role=\"presentation\" width=\"540px\" \/><img decoding=\"async\" class=\"i-spzhtml-fill-content i-spzhtml-replaced-content\" src=\"https:\/\/img.fantaskycdn.com\/93d7e9adee1eeab03503022e30a58030.jpeg\" \/><\/p>\n<p><img class=\"i-spzhtml-intrinsic-sizer\" role=\"presentation\" width=\"541px\" \/><img decoding=\"async\" class=\"i-spzhtml-fill-content i-spzhtml-replaced-content\" src=\"https:\/\/img.fantaskycdn.com\/243fed703b6c951de6b97f3657152d90.jpeg\" \/><\/p>\n<h2>Presupuesto<\/h2>\n<p>Nombre del producto: Polipasto el\u00e9ctrico para andamios (carga de 500 kg)<br \/>\nAltura de elevaci\u00f3n: hasta 2\/4\/6 metros<br \/>\nCapacidad de carga del motor: 500 kg<br \/>\nCable de acero: alambre de acero galvanizado profesional<br \/>\nMaterial del marco de carga: cuerpo totalmente de acero<br \/>\nModo de trabajo: operaci\u00f3n remota<br \/>\nPolea inferior: rueda universal giratoria de 360 \u200b\u200bgrados sin \u00e1ngulo muerto<br \/>\nL\u00edmite de recorrido: l\u00edmite superior e inferior Protecci\u00f3n<br \/>\nincluida: motor y andamio<\/p>\n<p><img class=\"i-spzhtml-intrinsic-sizer\" role=\"presentation\" width=\"520px\" \/><img decoding=\"async\" class=\"i-spzhtml-fill-content i-spzhtml-replaced-content\" src=\"https:\/\/img.fantaskycdn.com\/b537034e9bbb199cdae1caf0af296029.jpeg\" \/><\/p>\n<div>\n<div class=\"flex max-w-full flex-col flex-grow\">\n<div class=\"min-h-8 text-message flex w-full flex-col items-end gap-2 whitespace-normal break-words text-start [.text-message+&amp;]:mt-5\" dir=\"auto\" data-message-author-role=\"assistant\" data-message-id=\"b4b54b97-725a-449b-ab0e-ea424509efc2\" data-message-model-slug=\"gpt-4o\">\n<div class=\"flex w-full flex-col gap-1 empty:hidden first:pt-[3px]\">\n<div class=\"markdown prose w-full break-words dark:prose-invert dark\">\n<p><strong>Nuestra garant\u00eda<\/strong><\/p>\n<p>\ud83d\udce6\u00a0\u00a0<strong>Env\u00edo mundial asegurado:<\/strong>\u00a0\u00a0cada pedido incluye detalles de seguimiento en tiempo real y cobertura de seguro en el improbable caso de que su paquete se pierda o sea robado en tr\u00e1nsito.<\/p>\n<p>\ud83d\udcb0\u00a0\u00a0<strong>Garant\u00eda de devoluci\u00f3n de dinero:<\/strong>\u00a0\u00a0si sus art\u00edculos llegan da\u00f1ados o defectuosos dentro de los 30 d\u00edas de\u00a0\u00a0<strong>uso normal<\/strong>\u00a0, estaremos encantados de ofrecerle un reemplazo o un reembolso.<\/p>\n<p>\ud83d\udd12\u00a0\u00a0<strong>Pagos seguros y protegidos:<\/strong>\u00a0\u00a0utilizamos la \u00faltima generaci\u00f3n de encriptaci\u00f3n SSL avanzada para proteger al 100% sus datos personales y financieros.<\/p>\n<\/div>\n<\/div>\n<\/div>\n<\/div>\n<\/div>\n<\/div>\n<\/div>\n<\/div>\n<\/div>\n<\/div>\n<\/div>\n<\/section>\n<\/div>\n<div id=\"shopify-section-template--17071338782804__174204354327c2d9bd\" class=\"shopify-section shopify-section--apps\"><\/div>\n","protected":false},"excerpt":{"rendered":"<p>ANDAMIO ELEVADOR EL\u00c9CTRICO (CAPACIDAD DE CARGA 500 KG) Presupuesto Nombre del producto: Polipasto el\u00e9ctrico para andamios (carga de 500 kg) Altura de elevaci\u00f3n: hasta 2\/4\/6 metros Capacidad de carga del motor: 500 kg Cable de acero: alambre de acero galvanizado profesional Material del marco de carga: cuerpo totalmente de acero Modo de trabajo: operaci\u00f3n remota [&hellip;]<\/p>\n","protected":false},"featured_media":447,"comment_status":"open","ping_status":"closed","template":"","meta":[],"product_brand":[],"product_cat":[15],"product_tag":[],"class_list":{"0":"post-192","1":"product","2":"type-product","3":"status-publish","4":"has-post-thumbnail","6":"product_cat-sem-categoria","8":"first","9":"instock","10":"sale","11":"taxable","12":"shipping-taxable","13":"purchasable","14":"product-type-simple"},"_links":{"self":[{"href":"https:\/\/marketnuvia.com\/es\/wp-json\/wp\/v2\/product\/192","targetHints":{"allow":["GET"]}}],"collection":[{"href":"https:\/\/marketnuvia.com\/es\/wp-json\/wp\/v2\/product"}],"about":[{"href":"https:\/\/marketnuvia.com\/es\/wp-json\/wp\/v2\/types\/product"}],"replies":[{"embeddable":true,"href":"https:\/\/marketnuvia.com\/es\/wp-json\/wp\/v2\/comments?post=192"}],"wp:featuredmedia":[{"embeddable":true,"href":"https:\/\/marketnuvia.com\/es\/wp-json\/wp\/v2\/media\/447"}],"wp:attachment":[{"href":"https:\/\/marketnuvia.com\/es\/wp-json\/wp\/v2\/media?parent=192"}],"wp:term":[{"taxonomy":"product_brand","embeddable":true,"href":"https:\/\/marketnuvia.com\/es\/wp-json\/wp\/v2\/product_brand?post=192"},{"taxonomy":"product_cat","embeddable":true,"href":"https:\/\/marketnuvia.com\/es\/wp-json\/wp\/v2\/product_cat?post=192"},{"taxonomy":"product_tag","embeddable":true,"href":"https:\/\/marketnuvia.com\/es\/wp-json\/wp\/v2\/product_tag?post=192"}],"curies":[{"name":"wp","href":"https:\/\/api.w.org\/{rel}","templated":true}]}}