{"id":186,"date":"2025-07-05T05:50:27","date_gmt":"2025-07-05T05:50:27","guid":{"rendered":"https:\/\/marketnuvia.com\/?post_type=product&#038;p=186"},"modified":"2025-07-10T21:43:32","modified_gmt":"2025-07-10T21:43:32","slug":"armario-para-escobas-3-estantes-regulables-gris-oscuro-negro-68-x-39-x-173-cm-alto","status":"publish","type":"product","link":"https:\/\/marketnuvia.com\/es\/produto\/armario-para-escobas-3-estantes-regulables-gris-oscuro-negro-68-x-39-x-173-cm-alto\/","title":{"rendered":"Armario para escobas, 3 estantes regulables, gris oscuro\/negro, 68 x 39 x 173 cm (alto)"},"content":{"rendered":"<p data-start=\"184\" data-end=\"294\"><strong data-start=\"184\" data-end=\"220\">ORGANIZA TU ESPACIO:<\/strong>\u00a0con el armario escobas Stilo de dise\u00f1o sencillo, limpio y esencial.<\/p>\n<p data-start=\"296\" data-end=\"489\"><strong data-start=\"296\" data-end=\"316\">Caracter\u00edsticas:<\/strong>\u00a0equipado con tres estantes regulables con capacidad m\u00e1xima de 10 kg cada uno, patas regulables, asa ergon\u00f3mica suave al tacto, previsi\u00f3n para candado (no incluido).<\/p>\n<p data-start=\"491\" data-end=\"584\"><strong data-start=\"491\" data-end=\"505\">Material:<\/strong>\u00a0Mueble fabricado en resina pl\u00e1stica con m\u00e1s del 70% de material reciclado.<\/p>\n<p data-start=\"586\" data-end=\"919\"><strong data-start=\"586\" data-end=\"607\">MONTAJE EN PARED:<\/strong>\u00a0Panel trasero de polipropileno extruido, plegable en el interior del embalaje, \u00fatil para proteger los objetos del polvo y la suciedad. Una vez montado, el armario debe colocarse cerca de una pared y es necesario el montaje en pared para garantizar su estabilidad y cumplir con la normativa europea.<\/p>\n<p data-start=\"921\" data-end=\"1001\"><strong data-start=\"921\" data-end=\"936\">ADVERTENCIA:<\/strong>\u00a0Lea atentamente las instrucciones antes de ensamblar el producto.<\/p>\n","protected":false},"excerpt":{"rendered":"<p>ORGANIZA TU ESPACIO:\u00a0con el armario escobas Stilo de dise\u00f1o sencillo, limpio y esencial. Caracter\u00edsticas:\u00a0equipado con tres estantes regulables con capacidad m\u00e1xima de 10 kg cada uno, patas regulables, asa ergon\u00f3mica suave al tacto, previsi\u00f3n para candado (no incluido). Material:\u00a0Mueble fabricado en resina pl\u00e1stica con m\u00e1s del 70% de material reciclado. MONTAJE EN PARED:\u00a0Panel trasero de [&hellip;]<\/p>\n","protected":false},"featured_media":448,"comment_status":"open","ping_status":"closed","template":"","meta":[],"product_brand":[],"product_cat":[15],"product_tag":[],"class_list":{"0":"post-186","1":"product","2":"type-product","3":"status-publish","4":"has-post-thumbnail","6":"product_cat-sem-categoria","8":"first","9":"instock","10":"sale","11":"taxable","12":"shipping-taxable","13":"purchasable","14":"product-type-simple"},"_links":{"self":[{"href":"https:\/\/marketnuvia.com\/es\/wp-json\/wp\/v2\/product\/186","targetHints":{"allow":["GET"]}}],"collection":[{"href":"https:\/\/marketnuvia.com\/es\/wp-json\/wp\/v2\/product"}],"about":[{"href":"https:\/\/marketnuvia.com\/es\/wp-json\/wp\/v2\/types\/product"}],"replies":[{"embeddable":true,"href":"https:\/\/marketnuvia.com\/es\/wp-json\/wp\/v2\/comments?post=186"}],"wp:featuredmedia":[{"embeddable":true,"href":"https:\/\/marketnuvia.com\/es\/wp-json\/wp\/v2\/media\/448"}],"wp:attachment":[{"href":"https:\/\/marketnuvia.com\/es\/wp-json\/wp\/v2\/media?parent=186"}],"wp:term":[{"taxonomy":"product_brand","embeddable":true,"href":"https:\/\/marketnuvia.com\/es\/wp-json\/wp\/v2\/product_brand?post=186"},{"taxonomy":"product_cat","embeddable":true,"href":"https:\/\/marketnuvia.com\/es\/wp-json\/wp\/v2\/product_cat?post=186"},{"taxonomy":"product_tag","embeddable":true,"href":"https:\/\/marketnuvia.com\/es\/wp-json\/wp\/v2\/product_tag?post=186"}],"curies":[{"name":"wp","href":"https:\/\/api.w.org\/{rel}","templated":true}]}}