{"id":167,"date":"2025-07-05T05:47:07","date_gmt":"2025-07-05T05:47:07","guid":{"rendered":"https:\/\/marketnuvia.com\/?post_type=product&#038;p=167"},"modified":"2025-07-10T21:46:42","modified_gmt":"2025-07-10T21:46:42","slug":"dron-con-camara-4k-adecuado-para-adultos-con-retorno-automatico-28-minutos-de-tiempo-de-vuelo","status":"publish","type":"product","link":"https:\/\/marketnuvia.com\/es\/produto\/dron-con-camara-4k-adecuado-para-adultos-con-retorno-automatico-28-minutos-de-tiempo-de-vuelo\/","title":{"rendered":"Dron con c\u00e1mara 4K adecuado para adultos, con retorno autom\u00e1tico, \u00a128 minutos de tiempo de vuelo!"},"content":{"rendered":"<p data-start=\"149\" data-end=\"217\">Dron con c\u00e1mara 4K\u00a0<strong data-start=\"152\" data-end=\"217\">: rendimiento profesional para todos<\/strong><\/p>\n<p data-start=\"219\" data-end=\"582\">Descubre un nuevo nivel de libertad y diversi\u00f3n con nuestro\u00a0<strong data-start=\"283\" data-end=\"310\">dron con c\u00e1mara 4K<\/strong>\u00a0, dise\u00f1ado para ofrecer im\u00e1genes a\u00e9reas de la m\u00e1s alta calidad, incluso para pilotos con poca experiencia. Gracias a su tecnolog\u00eda avanzada y dise\u00f1o intuitivo, este dron es el aliado perfecto para capturar paisajes impresionantes, momentos familiares o aventuras inolvidables.<\/p>\n<p data-start=\"584\" data-end=\"617\">\u2705\u00a0<strong data-start=\"586\" data-end=\"616\">CARACTER\u00cdSTICAS PRINCIPALES<\/strong>\u00a0:<\/p>\n<p data-start=\"619\" data-end=\"755\"><strong data-start=\"622\" data-end=\"648\">C\u00e1mara 4K Ultra HD<\/strong>\u00a0:<br data-start=\"648\" data-end=\"651\" \/>captura cada detalle con im\u00e1genes y videos n\u00edtidos. Perfecta para vlogs, redes sociales o recuerdos personales.<\/p>\n<p data-start=\"757\" data-end=\"932\">\ud83d\udef0\ufe0f\u00a0<strong data-start=\"761\" data-end=\"799\">GPS integrado y retorno autom\u00e1tico.<\/strong><br data-start=\"799\" data-end=\"802\" \/>\u00a1Se acabaron los drones perdidos! El sistema GPS garantiza un regreso seguro al punto de partida en caso de bater\u00eda baja o p\u00e9rdida de se\u00f1al.<\/p>\n<p data-start=\"934\" data-end=\"1057\">\ud83d\udd52\u00a0<strong data-start=\"937\" data-end=\"965\">Hasta 28 minutos de vuelo<\/strong><br data-start=\"965\" data-end=\"968\" \/>Gracias a la bater\u00eda mejorada, podr\u00e1s disfrutar de largas sesiones de vuelo sin interrupciones.<\/p>\n<p data-start=\"1059\" data-end=\"1237\">\ud83d\udd79\ufe0f\u00a0<strong data-start=\"1063\" data-end=\"1085\">F\u00e1cil de volar<\/strong><br data-start=\"1085\" data-end=\"1088\" \/>Con modo principiante, despegue\/aterrizaje autom\u00e1tico y estabilizaci\u00f3n inteligente, incluso los principiantes pueden volar con confianza.<\/p>\n<p data-start=\"1239\" data-end=\"1377\">\ud83c\udf2a\ufe0fDise\u00f1o\u00a0<strong data-start=\"1243\" data-end=\"1276\">plegable y port\u00e1til<\/strong><br data-start=\"1276\" data-end=\"1279\" \/>Compacto y f\u00e1cil de transportar: ll\u00e9velo a cualquier lugar para no perder nunca una oportunidad de vuelo.<\/p>\n<p data-start=\"1379\" data-end=\"1553\">\ud83c\udf81\u00a0<strong data-start=\"1382\" data-end=\"1410\">Incluido en el paquete<\/strong>\u00a0:<br \/>\n\u2022 Dron con c\u00e1mara 4K<br data-start=\"1437\" data-end=\"1440\" \/>\u2022 Control remoto inteligente<br data-start=\"1466\" data-end=\"1469\" \/>\u2022 Bater\u00eda recargable<br data-start=\"1492\" data-end=\"1495\" \/>\u2022 Cable USB<br data-start=\"1505\" data-end=\"1508\" \/>\u2022 Manual de usuario<br data-start=\"1523\" data-end=\"1526\" \/>\u2022 Juego de h\u00e9lices de repuesto<\/p>\n","protected":false},"excerpt":{"rendered":"<p>Dron con c\u00e1mara 4K\u00a0: rendimiento profesional para todos Descubre un nuevo nivel de libertad y diversi\u00f3n con nuestro\u00a0dron con c\u00e1mara 4K\u00a0, dise\u00f1ado para ofrecer im\u00e1genes a\u00e9reas de la m\u00e1s alta calidad, incluso para pilotos con poca experiencia. Gracias a su tecnolog\u00eda avanzada y dise\u00f1o intuitivo, este dron es el aliado perfecto para capturar paisajes impresionantes, [&hellip;]<\/p>\n","protected":false},"featured_media":453,"comment_status":"open","ping_status":"closed","template":"","meta":[],"product_brand":[],"product_cat":[15],"product_tag":[],"class_list":{"0":"post-167","1":"product","2":"type-product","3":"status-publish","4":"has-post-thumbnail","6":"product_cat-sem-categoria","8":"first","9":"instock","10":"sale","11":"taxable","12":"shipping-taxable","13":"purchasable","14":"product-type-simple"},"_links":{"self":[{"href":"https:\/\/marketnuvia.com\/es\/wp-json\/wp\/v2\/product\/167","targetHints":{"allow":["GET"]}}],"collection":[{"href":"https:\/\/marketnuvia.com\/es\/wp-json\/wp\/v2\/product"}],"about":[{"href":"https:\/\/marketnuvia.com\/es\/wp-json\/wp\/v2\/types\/product"}],"replies":[{"embeddable":true,"href":"https:\/\/marketnuvia.com\/es\/wp-json\/wp\/v2\/comments?post=167"}],"wp:featuredmedia":[{"embeddable":true,"href":"https:\/\/marketnuvia.com\/es\/wp-json\/wp\/v2\/media\/453"}],"wp:attachment":[{"href":"https:\/\/marketnuvia.com\/es\/wp-json\/wp\/v2\/media?parent=167"}],"wp:term":[{"taxonomy":"product_brand","embeddable":true,"href":"https:\/\/marketnuvia.com\/es\/wp-json\/wp\/v2\/product_brand?post=167"},{"taxonomy":"product_cat","embeddable":true,"href":"https:\/\/marketnuvia.com\/es\/wp-json\/wp\/v2\/product_cat?post=167"},{"taxonomy":"product_tag","embeddable":true,"href":"https:\/\/marketnuvia.com\/es\/wp-json\/wp\/v2\/product_tag?post=167"}],"curies":[{"name":"wp","href":"https:\/\/api.w.org\/{rel}","templated":true}]}}