{"id":157,"date":"2025-07-05T05:36:39","date_gmt":"2025-07-05T05:36:39","guid":{"rendered":"https:\/\/marketnuvia.com\/?post_type=product&#038;p=157"},"modified":"2025-07-10T21:49:01","modified_gmt":"2025-07-10T21:49:01","slug":"aire-acondicionado-portatil-3-en-1-con-tanque-de-55-l-3-velocidades-y-temporizador-de-7-horas-para-el-hogar-y-la-oficina","status":"publish","type":"product","link":"https:\/\/marketnuvia.com\/es\/produto\/aire-acondicionado-portatil-3-en-1-con-tanque-de-55-l-3-velocidades-y-temporizador-de-7-horas-para-el-hogar-y-la-oficina\/","title":{"rendered":"Aire acondicionado port\u00e1til 3 en 1 con tanque de 5,5 L, 3 velocidades y temporizador de 7 horas para el hogar y la oficina."},"content":{"rendered":"<div id=\"shopify-section-template--17071338782804__product-content\" class=\"shopify-section shopify-section--product-content\">\n<section class=\"container\">\n<div id=\"product-7729185980500-content\" class=\"product-content anchor\">\n<div id=\"product-7729185980500-tabs\" class=\"product-content__tabs anchor\">\n<div class=\"product-tabs\">\n<div class=\"product-tabs__content\">\n<div id=\"block-template--17071338782804__product-content-description\" class=\"product-tabs__tab-item-wrapper\">\n<div class=\"product-tabs__tab-item-content rte\">\n<h1 class=\"a-size-base-plus a-text-bold\">Acerca de este art\u00edculo<\/h1>\n<ul class=\"a-unordered-list a-vertical a-spacing-mini\">\n<li class=\"a-spacing-mini\"><span class=\"a-list-item\">\u2744\ufe0f\ufe0f \u3010MULTIFUNCI\u00d3N 3 EN 1\u3011&#8211; Este enfriador de aire se puede usar como aire acondicionado, ventilador o humidificador, con funciones de enfriamiento, humidificaci\u00f3n y filtrado para satisfacer todas sus necesidades de refrigeraci\u00f3n y ventilaci\u00f3n, y ayuda a reducir los al\u00e9rgenos, el polvo y el humo. Su dise\u00f1o de turboventilador de gran volumen y cortina de agua h\u00fameda le brindan mayor comodidad y frescura en este caluroso verano.<\/span><\/li>\n<li class=\"a-spacing-mini\"><span class=\"a-list-item\">\u2744\ufe0f\ufe0f \u3010Alta eficiencia y ahorro de energ\u00eda\u3011&#8211; Equipado con cascada accionada por bomba y tecnolog\u00eda de refrigeraci\u00f3n l\u00edder en la industria, filtra y enfr\u00eda r\u00e1pidamente el aire caliente de la habitaci\u00f3n. Las aspas del ventilador giran autom\u00e1ticamente 60\u00b0 para distribuir r\u00e1pidamente el aire fr\u00edo por toda la habitaci\u00f3n con m\u00faltiples \u00e1ngulos. Este econ\u00f3mico sistema de refrigeraci\u00f3n de tan solo 60 W es ideal para habitaciones que no requieren costosos aires acondicionados.<\/span><\/li>\n<li class=\"a-spacing-mini\"><span class=\"a-list-item\">\u2744\ufe0f\ufe0f \u3010BOTELLA DE AGUA GRANDE DE 5.5 L\u3011 &#8211; Con un tanque de agua doble de 5.5 L de gran capacidad, el superior es f\u00e1cil de llenar y el inferior cuenta con orificios de drenaje para facilitar la limpieza. La velocidad m\u00e1xima del viento en la salida de aire es de 8 m\/s, y el tiempo de uso m\u00e1ximo puede ser de hasta 16 horas con el tanque lleno. NOTA: No produce fre\u00f3n ni aire de escape.<\/span><\/li>\n<li class=\"a-spacing-mini\"><span class=\"a-list-item\">\u2744\ufe0f\ufe0f \u30103 Velocidades + Temporizador + Control Remoto\u3011- Hay 3 velocidades de viento (baja\/media\/alta) que se pueden ajustar para satisfacer sus necesidades personales; La funci\u00f3n de temporizador (1-7H) le permite configurar el tiempo de apagado de la m\u00e1quina con anticipaci\u00f3n; Con el control remoto, puede ajustar f\u00e1cilmente la sincronizaci\u00f3n (1-7H), la velocidad del viento y otros con los indicadores en la parte delantera de la m\u00e1quina, puede ajustar f\u00e1cilmente la sincronizaci\u00f3n (1-7H), la velocidad del viento y otros con los indicadores en la parte delantera del coche, puede ajustar f\u00e1cilmente Ayuda a comprobar la m\u00e1quina a una distancia de 8 m.<\/span><\/li>\n<li class=\"a-spacing-mini\"><span class=\"a-list-item\">\u2744\ufe0f\ufe0f \u3010Bajo nivel de ruido y buen sue\u00f1o\u3011&#8211; \u00bfAlguna vez te ha despertado el zumbido del ventilador de techo a medianoche? El ventilador del aire acondicionado est\u00e1 dise\u00f1ado para ser extremadamente silencioso y con una alta velocidad de viento, con un ruido de funcionamiento de tan solo 55 dB. Si no se configura durante un tiempo prolongado, la luz indicadora se apagar\u00e1 autom\u00e1ticamente. \u00a1Un compa\u00f1ero ideal para dormir en el caluroso verano!<\/span><\/li>\n<li class=\"a-spacing-mini\"><span class=\"a-list-item\">\u2744\ufe0f\ufe0f\ufe0f\u3010Ligero y f\u00e1cil de mover\u3011 &#8211; Este enfriador de aire compacto pesa solo 3.7 kg\/8.2 lb y est\u00e1 equipado con 4 ruedas universales que se pueden instalar en la parte inferior, lo que facilita su traslado de una habitaci\u00f3n a otra sin complicaciones. Ideal para dormitorios, salas de estar, oficinas y cualquier otro lugar. \u2764\ufe0f \u00a1Le garantizamos un servicio 100% satisfactorio! No dude en contactarnos si tiene alguna pregunta sobre el producto. \u00a1Gracias! \u2764\ufe0f<\/span><\/li>\n<\/ul>\n<\/div>\n<\/div>\n<\/div>\n<\/div>\n<\/div>\n<\/div>\n<\/section>\n<\/div>\n<div id=\"shopify-section-template--17071338782804__174204354327c2d9bd\" class=\"shopify-section shopify-section--apps\"><\/div>\n","protected":false},"excerpt":{"rendered":"<p>Acerca de este art\u00edculo \u2744\ufe0f\ufe0f \u3010MULTIFUNCI\u00d3N 3 EN 1\u3011&#8211; Este enfriador de aire se puede usar como aire acondicionado, ventilador o humidificador, con funciones de enfriamiento, humidificaci\u00f3n y filtrado para satisfacer todas sus necesidades de refrigeraci\u00f3n y ventilaci\u00f3n, y ayuda a reducir los al\u00e9rgenos, el polvo y el humo. Su dise\u00f1o de turboventilador de gran [&hellip;]<\/p>\n","protected":false},"featured_media":476,"comment_status":"open","ping_status":"closed","template":"","meta":[],"product_brand":[],"product_cat":[15],"product_tag":[],"class_list":{"0":"post-157","1":"product","2":"type-product","3":"status-publish","4":"has-post-thumbnail","6":"product_cat-sem-categoria","8":"first","9":"instock","10":"sale","11":"taxable","12":"shipping-taxable","13":"purchasable","14":"product-type-simple"},"_links":{"self":[{"href":"https:\/\/marketnuvia.com\/es\/wp-json\/wp\/v2\/product\/157","targetHints":{"allow":["GET"]}}],"collection":[{"href":"https:\/\/marketnuvia.com\/es\/wp-json\/wp\/v2\/product"}],"about":[{"href":"https:\/\/marketnuvia.com\/es\/wp-json\/wp\/v2\/types\/product"}],"replies":[{"embeddable":true,"href":"https:\/\/marketnuvia.com\/es\/wp-json\/wp\/v2\/comments?post=157"}],"wp:featuredmedia":[{"embeddable":true,"href":"https:\/\/marketnuvia.com\/es\/wp-json\/wp\/v2\/media\/476"}],"wp:attachment":[{"href":"https:\/\/marketnuvia.com\/es\/wp-json\/wp\/v2\/media?parent=157"}],"wp:term":[{"taxonomy":"product_brand","embeddable":true,"href":"https:\/\/marketnuvia.com\/es\/wp-json\/wp\/v2\/product_brand?post=157"},{"taxonomy":"product_cat","embeddable":true,"href":"https:\/\/marketnuvia.com\/es\/wp-json\/wp\/v2\/product_cat?post=157"},{"taxonomy":"product_tag","embeddable":true,"href":"https:\/\/marketnuvia.com\/es\/wp-json\/wp\/v2\/product_tag?post=157"}],"curies":[{"name":"wp","href":"https:\/\/api.w.org\/{rel}","templated":true}]}}