{"id":147,"date":"2025-07-05T05:27:03","date_gmt":"2025-07-05T05:27:03","guid":{"rendered":"https:\/\/marketnuvia.com\/?post_type=product&#038;p=147"},"modified":"2025-07-10T21:51:01","modified_gmt":"2025-07-10T21:51:01","slug":"caja-de-herramientas-carro-de-herramientas-con-ruedas-bloqueables","status":"publish","type":"product","link":"https:\/\/marketnuvia.com\/es\/produto\/caja-de-herramientas-carro-de-herramientas-con-ruedas-bloqueables\/","title":{"rendered":"Caja de herramientas, carro de herramientas con ruedas bloqueables"},"content":{"rendered":"<p><strong data-start=\"0\" data-end=\"62\">Caja de Herramientas &#8211; Organizaci\u00f3n y Pr\u00e1ctico \ud83d\udd27\ud83d\udd29<\/strong><br data-start=\"62\" data-end=\"65\" \/>Mant\u00e9n tus herramientas siempre organizadas y a mano con esta caja de herramientas duradera y funcional. Perfecta para talleres, garajes y profesionales que necesitan un sistema de almacenamiento seguro y eficiente, ofrece un dise\u00f1o robusto con amplio espacio interior para guardar tanto componentes peque\u00f1os como herramientas grandes.<\/p>\n<div id=\"shopify-section-template--23208555577378__product-content\" class=\"shopify-section shopify-section--product-content\">\n<section class=\"container\">\n<div id=\"product-7908024057890-content\" class=\"product-content anchor\">\n<div id=\"product-7908024057890-tabs\" class=\"product-content__tabs anchor\">\n<div class=\"product-tabs\">\n<div class=\"product-tabs__content\">\n<div id=\"block-template--23208555577378__product-content-description\" class=\"product-tabs__tab-item-wrapper\">\n<div class=\"product-tabs__tab-item-content rte\">\n<h3 data-start=\"414\" data-end=\"451\"><strong data-start=\"418\" data-end=\"449\">Caracter\u00edsticas principales:<\/strong><\/h3>\n<p data-start=\"452\" data-end=\"850\">\u2705\u00a0<strong data-start=\"454\" data-end=\"475\">Cajones espaciosos<\/strong>\u00a0\u2013 Perfectos para organizar herramientas de diferentes tama\u00f1os\u00a0\u2705\u00a0<strong data-start=\"538\" data-end=\"562\">Construcci\u00f3n robusta<\/strong>\u00a0\u2013 Materiales duraderos para uso intensivo\u00a0\u2705\u00a0<strong data-start=\"609\" data-end=\"639\">Sistema de bloqueo seguro<\/strong>\u00a0\u2013 Protege las herramientas del polvo y da\u00f1os\u00a0\u2705\u00a0<strong data-start=\"687\" data-end=\"719\">Dise\u00f1o compacto y funcional<\/strong>\u00a0\u2013 Optimiza el espacio en talleres y garajes\u00a0\u2705\u00a0<strong data-start=\"767\" data-end=\"789\">F\u00e1cil de mover<\/strong>\u00a0\u2013 Algunos modelos incluyen ruedas para mayor movilidad\u00a0\u00a0<br data-start=\"533\" data-end=\"536\" \/>\u00a0\u00a0<br data-start=\"604\" data-end=\"607\" \/>\u00a0\u00a0<br data-start=\"682\" data-end=\"685\" \/><\/p>\n<p data-start=\"852\" data-end=\"981\">\u00a1Este cofre de herramientas es la soluci\u00f3n ideal para mantener tu espacio de trabajo siempre ordenado y bien organizado!<\/p>\n<h3 data-start=\"983\" data-end=\"1016\"><strong data-start=\"987\" data-end=\"1014\">Especificaciones del producto<\/strong><\/h3>\n<p data-start=\"1017\" data-end=\"1298\">\ud83d\udd34\u00a0<strong data-start=\"1020\" data-end=\"1031\">Color:<\/strong>\u00a0Rojo\u00a0\ud83d\udd29\u00a0<strong data-start=\"1043\" data-end=\"1057\">Material:<\/strong>\u00a0Metal\u00a0\ud83d\udccf\u00a0<strong data-start=\"1071\" data-end=\"1093\">Dimensiones totales:<\/strong>\u00a059 x 28 x 102 cm (Largo x Ancho x Alto)\u00a0\ud83d\udce6\u00a0<strong data-start=\"1128\" data-end=\"1166\">Dimensiones del caj\u00f3n superior:<\/strong>\u00a045 x 24 x 32 cm (Largo x Ancho x Alto)\u00a0\ud83d\udce6\u00a0<strong data-start=\"1200\" data-end=\"1241\">Dimensiones del gabinete inferior:<\/strong>\u00a059 x 28 x 70 cm (Largo x Ancho x Alto)\u00a0\u2696\ufe0f\u00a0<strong data-start=\"1275\" data-end=\"1290\">Peso neto:<\/strong>\u00a019 kg\u00a0\u00a0<br data-start=\"1037\" data-end=\"1040\" \/>\u00a0\u00a0<br data-start=\"1065\" data-end=\"1068\" \/>\u00a0\u00a0<br data-start=\"1122\" data-end=\"1125\" \/>\u00a0\u00a0<br data-start=\"1194\" data-end=\"1197\" \/><\/p>\n<p data-start=\"1300\" data-end=\"1382\" data-is-last-node=\"\" data-is-only-node=\"\">\u00a1El gabinete de herramientas ideal para quienes buscan organizaci\u00f3n, durabilidad y practicidad!<\/p>\n<p data-start=\"1300\" data-end=\"1382\" data-is-last-node=\"\" data-is-only-node=\"\"><img decoding=\"async\" src=\"https:\/\/img-eu.kwcdn.com\/local-goods-img\/1f66680d60\/8fa3225a-884f-40ee-8e05-7c983c14eb45.jpeg?imageView2\/2\/w\/800\/q\/70\/format\/webp\" alt=\"Carro de herramientas con 4 cajones, ruedas bloqueables, estante ajustable y revestimiento antideslizante 59 x 28 x 102 detalles 0\" \/><\/p>\n<\/div>\n<\/div>\n<\/div>\n<\/div>\n<\/div>\n<\/div>\n<\/section>\n<\/div>\n","protected":false},"excerpt":{"rendered":"<p>Caja de Herramientas &#8211; Organizaci\u00f3n y Pr\u00e1ctico \ud83d\udd27\ud83d\udd29Mant\u00e9n tus herramientas siempre organizadas y a mano con esta caja de herramientas duradera y funcional. Perfecta para talleres, garajes y profesionales que necesitan un sistema de almacenamiento seguro y eficiente, ofrece un dise\u00f1o robusto con amplio espacio interior para guardar tanto componentes peque\u00f1os como herramientas grandes. Caracter\u00edsticas [&hellip;]<\/p>\n","protected":false},"featured_media":478,"comment_status":"open","ping_status":"closed","template":"","meta":[],"product_brand":[],"product_cat":[15],"product_tag":[],"class_list":{"0":"post-147","1":"product","2":"type-product","3":"status-publish","4":"has-post-thumbnail","6":"product_cat-sem-categoria","8":"first","9":"instock","10":"sale","11":"taxable","12":"shipping-taxable","13":"purchasable","14":"product-type-simple"},"_links":{"self":[{"href":"https:\/\/marketnuvia.com\/es\/wp-json\/wp\/v2\/product\/147","targetHints":{"allow":["GET"]}}],"collection":[{"href":"https:\/\/marketnuvia.com\/es\/wp-json\/wp\/v2\/product"}],"about":[{"href":"https:\/\/marketnuvia.com\/es\/wp-json\/wp\/v2\/types\/product"}],"replies":[{"embeddable":true,"href":"https:\/\/marketnuvia.com\/es\/wp-json\/wp\/v2\/comments?post=147"}],"wp:featuredmedia":[{"embeddable":true,"href":"https:\/\/marketnuvia.com\/es\/wp-json\/wp\/v2\/media\/478"}],"wp:attachment":[{"href":"https:\/\/marketnuvia.com\/es\/wp-json\/wp\/v2\/media?parent=147"}],"wp:term":[{"taxonomy":"product_brand","embeddable":true,"href":"https:\/\/marketnuvia.com\/es\/wp-json\/wp\/v2\/product_brand?post=147"},{"taxonomy":"product_cat","embeddable":true,"href":"https:\/\/marketnuvia.com\/es\/wp-json\/wp\/v2\/product_cat?post=147"},{"taxonomy":"product_tag","embeddable":true,"href":"https:\/\/marketnuvia.com\/es\/wp-json\/wp\/v2\/product_tag?post=147"}],"curies":[{"name":"wp","href":"https:\/\/api.w.org\/{rel}","templated":true}]}}