{"id":136,"date":"2025-07-05T05:21:24","date_gmt":"2025-07-05T05:21:24","guid":{"rendered":"https:\/\/marketnuvia.com\/?post_type=product&#038;p=136"},"modified":"2025-07-05T05:21:24","modified_gmt":"2025-07-05T05:21:24","slug":"comoda-de-270-litros-con-acabado-efecto-madera-grafito-1167-x-447-x-57-cm-diseno-elegante","status":"publish","type":"product","link":"https:\/\/marketnuvia.com\/es\/produto\/comoda-de-270-litros-con-acabado-efecto-madera-grafito-1167-x-447-x-57-cm-diseno-elegante\/","title":{"rendered":"C\u00f3moda de 270 litros con acabado efecto madera grafito \u2013 116,7 x 44,7 x 57 cm \u2013 Dise\u00f1o elegante"},"content":{"rendered":"<p data-start=\"111\" data-end=\"216\"><strong data-start=\"111\" data-end=\"147\"><span>TRANSFORMA TU ESPACIO:<\/span><\/strong><span>\u00a0Con el ba\u00fal compacto, adecuado tanto para uso interior como exterior.<\/span><\/p>\n<p data-start=\"218\" data-end=\"339\"><strong data-start=\"218\" data-end=\"238\"><span>CARACTER\u00cdSTICAS:<\/span><\/strong><span>\u00a0con acabado efecto madera, se puede mover f\u00e1cilmente gracias a las asas laterales y las ruedas incluidas.<\/span><\/p>\n<p data-start=\"341\" data-end=\"445\"><strong data-start=\"341\" data-end=\"355\"><span>MATERIAL:<\/span><\/strong><span>\u00a0Fabricado en resina pl\u00e1stica resistente a la intemperie y libre de mantenimiento.<\/span><\/p>\n<p data-start=\"447\" data-end=\"513\"><strong data-start=\"447\" data-end=\"462\"><span>DIMENSIONES:<\/span><\/strong><span>\u00a0Una vez montado mide 116,7 x 44,7 x 57 cm (Alto).<\/span><\/p>\n<p data-start=\"515\" data-end=\"677\"><strong data-start=\"515\" data-end=\"537\"><span>F\u00c1CIL DE ENSAMBLAR:<\/span><\/strong><span>\u00a0Lea atentamente las instrucciones de montaje y aseg\u00farese de que no falten piezas ni que ninguna est\u00e9 da\u00f1ada antes de realizar el montaje.<\/span><\/p>\n","protected":false},"excerpt":{"rendered":"<p>TRANSFORMA TU ESPACIO:\u00a0Con el ba\u00fal compacto, adecuado tanto para uso interior como exterior. CARACTER\u00cdSTICAS:\u00a0con acabado efecto madera, se puede mover f\u00e1cilmente gracias a las asas laterales y las ruedas incluidas. MATERIAL:\u00a0Fabricado en resina pl\u00e1stica resistente a la intemperie y libre de mantenimiento. DIMENSIONES:\u00a0Una vez montado mide 116,7 x 44,7 x 57 cm (Alto). F\u00c1CIL DE [&hellip;]<\/p>\n","protected":false},"featured_media":138,"comment_status":"open","ping_status":"closed","template":"","meta":[],"product_brand":[],"product_cat":[15],"product_tag":[],"class_list":{"0":"post-136","1":"product","2":"type-product","3":"status-publish","4":"has-post-thumbnail","6":"product_cat-sem-categoria","8":"first","9":"instock","10":"sale","11":"taxable","12":"shipping-taxable","13":"purchasable","14":"product-type-simple"},"_links":{"self":[{"href":"https:\/\/marketnuvia.com\/es\/wp-json\/wp\/v2\/product\/136","targetHints":{"allow":["GET"]}}],"collection":[{"href":"https:\/\/marketnuvia.com\/es\/wp-json\/wp\/v2\/product"}],"about":[{"href":"https:\/\/marketnuvia.com\/es\/wp-json\/wp\/v2\/types\/product"}],"replies":[{"embeddable":true,"href":"https:\/\/marketnuvia.com\/es\/wp-json\/wp\/v2\/comments?post=136"}],"wp:featuredmedia":[{"embeddable":true,"href":"https:\/\/marketnuvia.com\/es\/wp-json\/wp\/v2\/media\/138"}],"wp:attachment":[{"href":"https:\/\/marketnuvia.com\/es\/wp-json\/wp\/v2\/media?parent=136"}],"wp:term":[{"taxonomy":"product_brand","embeddable":true,"href":"https:\/\/marketnuvia.com\/es\/wp-json\/wp\/v2\/product_brand?post=136"},{"taxonomy":"product_cat","embeddable":true,"href":"https:\/\/marketnuvia.com\/es\/wp-json\/wp\/v2\/product_cat?post=136"},{"taxonomy":"product_tag","embeddable":true,"href":"https:\/\/marketnuvia.com\/es\/wp-json\/wp\/v2\/product_tag?post=136"}],"curies":[{"name":"wp","href":"https:\/\/api.w.org\/{rel}","templated":true}]}}