{"id":124,"date":"2025-07-05T05:14:51","date_gmt":"2025-07-05T05:14:51","guid":{"rendered":"https:\/\/marketnuvia.com\/?post_type=product&#038;p=124"},"modified":"2025-07-05T05:17:55","modified_gmt":"2025-07-05T05:17:55","slug":"barbacoa-de-carbon-de-o57-cm-con-tapa-brasero-parrilla-cromada-y-ruedas-negra","status":"publish","type":"product","link":"https:\/\/marketnuvia.com\/es\/produto\/barbacoa-de-carbon-de-o57-cm-con-tapa-brasero-parrilla-cromada-y-ruedas-negra\/","title":{"rendered":"Barbacoa de carb\u00f3n de \u00d857 cm con tapa, brasero, parrilla cromada y ruedas \u2013 Negra"},"content":{"rendered":"<p data-start=\"111\" data-end=\"370\"><strong data-start=\"111\" data-end=\"129\">WEBER Compact:<\/strong>\u00a0Barbacoa de carb\u00f3n de 57 cm, negra. Parrilla cl\u00e1sica y elegante con brasero y tapa resistentes al calor, rejilla de cocci\u00f3n con triple revestimiento, rejilla de alimentaci\u00f3n de acero de alta resistencia y asa con protecci\u00f3n t\u00e9rmica integrada.<\/p>\n<p data-start=\"372\" data-end=\"573\"><strong data-start=\"372\" data-end=\"407\">BARBACOA DE CARB\u00d3N WEBER DE 57 CM:<\/strong>\u00a0Barbacoa de exterior f\u00e1cil de limpiar, ideal para cocinar y asar a la perfecci\u00f3n. Prepare hamburguesas, salchichas, pizza y mucho m\u00e1s, en verano o durante todo el a\u00f1o.<\/p>\n<p data-start=\"575\" data-end=\"796\"><strong data-start=\"575\" data-end=\"618\">BARBACOA DE CARB\u00d3N WEBER CON TAPA:<\/strong>\u00a0Parrilla de carb\u00f3n para exteriores, m\u00f3vil y con ruedas, perfecta para cocinar para amigos y familiares. La rejilla inoxidable garantiza una temperatura constante para una cocci\u00f3n uniforme.<\/p>\n<p data-start=\"798\" data-end=\"994\"><strong data-start=\"798\" data-end=\"837\">Sabor cl\u00e1sico de barbacoa Weber:<\/strong>\u00a0Esta lujosa barbacoa Weber funciona con carb\u00f3n vegetal o briquetas y es una excelente idea para regalar. Accesorios y herramientas Weber a juego disponibles.<\/p>\n<p data-start=\"996\" data-end=\"1190\"><strong data-start=\"996\" data-end=\"1038\">CALIDAD WEBER CON 10 A\u00d1OS DE GARANT\u00cdA:<\/strong>\u00a0Estamos tan seguros de la calidad de nuestras barbacoas que garantizamos los componentes individuales de nuestras barbacoas de gas, carb\u00f3n y el\u00e9ctricas hasta por 10 a\u00f1os.<\/p>\n","protected":false},"excerpt":{"rendered":"<p>WEBER Compact:\u00a0Barbacoa de carb\u00f3n de 57 cm, negra. Parrilla cl\u00e1sica y elegante con brasero y tapa resistentes al calor, rejilla de cocci\u00f3n con triple revestimiento, rejilla de alimentaci\u00f3n de acero de alta resistencia y asa con protecci\u00f3n t\u00e9rmica integrada. BARBACOA DE CARB\u00d3N WEBER DE 57 CM:\u00a0Barbacoa de exterior f\u00e1cil de limpiar, ideal para cocinar y [&hellip;]<\/p>\n","protected":false},"featured_media":126,"comment_status":"open","ping_status":"closed","template":"","meta":[],"product_brand":[],"product_cat":[15],"product_tag":[],"class_list":{"0":"post-124","1":"product","2":"type-product","3":"status-publish","4":"has-post-thumbnail","6":"product_cat-sem-categoria","8":"first","9":"instock","10":"sale","11":"taxable","12":"shipping-taxable","13":"purchasable","14":"product-type-simple"},"_links":{"self":[{"href":"https:\/\/marketnuvia.com\/es\/wp-json\/wp\/v2\/product\/124","targetHints":{"allow":["GET"]}}],"collection":[{"href":"https:\/\/marketnuvia.com\/es\/wp-json\/wp\/v2\/product"}],"about":[{"href":"https:\/\/marketnuvia.com\/es\/wp-json\/wp\/v2\/types\/product"}],"replies":[{"embeddable":true,"href":"https:\/\/marketnuvia.com\/es\/wp-json\/wp\/v2\/comments?post=124"}],"wp:featuredmedia":[{"embeddable":true,"href":"https:\/\/marketnuvia.com\/es\/wp-json\/wp\/v2\/media\/126"}],"wp:attachment":[{"href":"https:\/\/marketnuvia.com\/es\/wp-json\/wp\/v2\/media?parent=124"}],"wp:term":[{"taxonomy":"product_brand","embeddable":true,"href":"https:\/\/marketnuvia.com\/es\/wp-json\/wp\/v2\/product_brand?post=124"},{"taxonomy":"product_cat","embeddable":true,"href":"https:\/\/marketnuvia.com\/es\/wp-json\/wp\/v2\/product_cat?post=124"},{"taxonomy":"product_tag","embeddable":true,"href":"https:\/\/marketnuvia.com\/es\/wp-json\/wp\/v2\/product_tag?post=124"}],"curies":[{"name":"wp","href":"https:\/\/api.w.org\/{rel}","templated":true}]}}