{"id":108,"date":"2025-07-05T05:11:36","date_gmt":"2025-07-05T05:11:36","guid":{"rendered":"https:\/\/marketnuvia.com\/?post_type=product&#038;p=108"},"modified":"2025-07-05T05:12:33","modified_gmt":"2025-07-05T05:12:33","slug":"aspiradora-vertical-5-en-1-de-60-kpa-con-cable-de-7-m-led-portatil-y-ultrapotente-para-alfombras","status":"publish","type":"product","link":"https:\/\/marketnuvia.com\/es\/produto\/aspiradora-vertical-5-en-1-de-60-kpa-con-cable-de-7-m-led-portatil-y-ultrapotente-para-alfombras\/","title":{"rendered":"Aspiradora vertical 5 en 1 de 60 kPa con cable de 7 m, LED, port\u00e1til y ultrapotente para alfombras"},"content":{"rendered":"<div id=\"shopify-section-template--17071338782804__product-content\" class=\"shopify-section shopify-section--product-content\">\n<section class=\"container\">\n<div id=\"product-7723730108500-content\" class=\"product-content anchor\">\n<div id=\"product-7723730108500-tabs\" class=\"product-content__tabs anchor\">\n<div class=\"product-tabs\">\n<div class=\"product-tabs__content\">\n<div id=\"block-template--17071338782804__product-content-description\" class=\"product-tabs__tab-item-wrapper\">\n<div class=\"product-tabs__tab-item-content rte\">\n<p>Aspiradora con potencia de 60 kPa, cepillo antienredos, luz LED y cable de 7 m. Dep\u00f3sito de 1,5 l, filtraci\u00f3n de 6 niveles y dise\u00f1o independiente. Ligera, pr\u00e1ctica y perfecta para cabello, alfombras y rincones dif\u00edciles. Accesorios incluidos. Garant\u00eda de 2 a\u00f1os.<\/p>\n<\/div>\n<\/div>\n<\/div>\n<\/div>\n<\/div>\n<\/div>\n<\/section>\n<\/div>\n<div id=\"shopify-section-template--17071338782804__174204354327c2d9bd\" class=\"shopify-section shopify-section--apps\"><\/div>\n","protected":false},"excerpt":{"rendered":"<p>Aspiradora con potencia de 60 kPa, cepillo antienredos, luz LED y cable de 7 m. Dep\u00f3sito de 1,5 l, filtraci\u00f3n de 6 niveles y dise\u00f1o independiente. Ligera, pr\u00e1ctica y perfecta para cabello, alfombras y rincones dif\u00edciles. Accesorios incluidos. Garant\u00eda de 2 a\u00f1os.<\/p>\n","protected":false},"featured_media":113,"comment_status":"open","ping_status":"closed","template":"","meta":[],"product_brand":[],"product_cat":[15],"product_tag":[],"class_list":{"0":"post-108","1":"product","2":"type-product","3":"status-publish","4":"has-post-thumbnail","6":"product_cat-sem-categoria","8":"first","9":"instock","10":"sale","11":"taxable","12":"shipping-taxable","13":"purchasable","14":"product-type-simple"},"_links":{"self":[{"href":"https:\/\/marketnuvia.com\/es\/wp-json\/wp\/v2\/product\/108","targetHints":{"allow":["GET"]}}],"collection":[{"href":"https:\/\/marketnuvia.com\/es\/wp-json\/wp\/v2\/product"}],"about":[{"href":"https:\/\/marketnuvia.com\/es\/wp-json\/wp\/v2\/types\/product"}],"replies":[{"embeddable":true,"href":"https:\/\/marketnuvia.com\/es\/wp-json\/wp\/v2\/comments?post=108"}],"wp:featuredmedia":[{"embeddable":true,"href":"https:\/\/marketnuvia.com\/es\/wp-json\/wp\/v2\/media\/113"}],"wp:attachment":[{"href":"https:\/\/marketnuvia.com\/es\/wp-json\/wp\/v2\/media?parent=108"}],"wp:term":[{"taxonomy":"product_brand","embeddable":true,"href":"https:\/\/marketnuvia.com\/es\/wp-json\/wp\/v2\/product_brand?post=108"},{"taxonomy":"product_cat","embeddable":true,"href":"https:\/\/marketnuvia.com\/es\/wp-json\/wp\/v2\/product_cat?post=108"},{"taxonomy":"product_tag","embeddable":true,"href":"https:\/\/marketnuvia.com\/es\/wp-json\/wp\/v2\/product_tag?post=108"}],"curies":[{"name":"wp","href":"https:\/\/api.w.org\/{rel}","templated":true}]}}