{"id":280,"date":"2025-07-06T23:22:55","date_gmt":"2025-07-06T23:22:55","guid":{"rendered":"https:\/\/marketnuvia.com\/?page_id=280"},"modified":"2025-07-10T21:20:44","modified_gmt":"2025-07-10T21:20:44","slug":"home","status":"publish","type":"page","link":"https:\/\/marketnuvia.com\/es\/","title":{"rendered":""},"content":{"rendered":"\t\t<div data-elementor-type=\"wp-page\" data-elementor-id=\"280\" class=\"elementor elementor-280\">\n\t\t\t\t<div class=\"elementor-element elementor-element-cbc6682 e-grid e-con-boxed e-con e-parent\" data-id=\"cbc6682\" data-element_type=\"container\" data-e-type=\"container\">\n\t\t\t\t\t<div class=\"e-con-inner\">\n\t\t\t\t<div class=\"elementor-element elementor-element-db53343 elementor-widget elementor-widget-image\" data-id=\"db53343\" data-element_type=\"widget\" data-e-type=\"widget\" data-widget_type=\"image.default\">\n\t\t\t\t\t\t\t\t\t\t\t\t\t\t\t<img decoding=\"async\" src=\"https:\/\/marketnuvia.com\/wp-content\/uploads\/2025\/07\/cropped-LogoNuviaShop-e1751251326351-1.webp\" title=\"\" alt=\"\" loading=\"lazy\" \/>\t\t\t\t\t\t\t\t\t\t\t\t\t\t\t<\/div>\n\t\t\t\t<div class=\"elementor-element elementor-element-27c64a8 elementor-widget__width-initial elementor-widget elementor-widget-wp-widget-is_widget\" data-id=\"27c64a8\" data-element_type=\"widget\" data-e-type=\"widget\" data-widget_type=\"wp-widget-is_widget.default\">\n\t\t\t\t<div class=\"elementor-widget-container\">\n\t\t\t\t\t<h5>\ud83d\udd0d \u00bfQu\u00e9 est\u00e1s buscando?<\/h5><form data-min-no-for-search=1 data-result-box-max-height=400 data-form-id=419 class=\"is-search-form is-form-style is-form-style-3 is-form-id-419 is-ajax-search\" action=\"https:\/\/marketnuvia.com\/es\/\" method=\"get\" role=\"search\" ><label for=\"is-search-input-419\"><span class=\"is-screen-reader-text\">Buscar:<\/span><input  type=\"search\" id=\"is-search-input-419\" name=\"s\" value=\"\" class=\"is-search-input\" placeholder=\"Buscar aqu\u00ed...\" autocomplete=off \/><span class=\"is-loader-image\" style=\"display: none;background-image:url(https:\/\/marketnuvia.com\/wp-content\/plugins\/add-search-to-menu\/public\/images\/spinner.gif);\" ><\/span><\/label><button type=\"submit\" class=\"is-search-submit\"><span class=\"is-screen-reader-text\">Bot\u00f3n de b\u00fasqueda<\/span><span class=\"is-search-icon\"><svg focusable=\"false\" aria-label=\"Buscar\" xmlns=\"http:\/\/www.w3.org\/2000\/svg\" viewBox=\"0 0 24 24\" width=\"24px\"><path d=\"M15.5 14h-.79l-.28-.27C15.41 12.59 16 11.11 16 9.5 16 5.91 13.09 3 9.5 3S3 5.91 3 9.5 5.91 16 9.5 16c1.61 0 3.09-.59 4.23-1.57l.27.28v.79l5 4.99L20.49 19l-4.99-5zm-6 0C7.01 14 5 11.99 5 9.5S7.01 5 9.5 5 14 7.01 14 9.5 11.99 14 9.5 14z\"><\/path><\/svg><\/span><\/button><input type=\"hidden\" name=\"id\" value=\"419\" \/><input type=\"hidden\" name=\"post_type\" value=\"product\" \/><\/form>\t\t\t\t<\/div>\n\t\t\t\t<\/div>\n\t\t\t\t\t<\/div>\n\t\t\t\t<\/div>\n\t\t<div class=\"elementor-element elementor-element-8d16f66 e-flex e-con-boxed e-con e-parent\" data-id=\"8d16f66\" data-element_type=\"container\" data-e-type=\"container\">\n\t\t\t\t\t<div class=\"e-con-inner\">\n\t\t\t\t<div class=\"elementor-element elementor-element-c9ee6a4 elementor-widget elementor-widget-html\" data-id=\"c9ee6a4\" data-element_type=\"widget\" data-e-type=\"widget\" data-widget_type=\"html.default\">\n\t\t\t\t\t<div style=\"font-family: 'Poppins', sans-serif; text-transform: uppercase; font-weight: 700;\">\r\n  <a href=\"\/es\/\" style=\"color: black; text-decoration: none; margin-right: 15px;\">Inicio<\/a>\r\n  <a href=\"\/es\/todos-los-productos\/\" style=\"color: black; text-decoration: none; margin-right: 15px;\">Todos los productos<\/a>\r\n  <a href=\"\/es\/contacto\/\" style=\"color: black; text-decoration: none;\">Contacto<\/a>\r\n<\/div>\r\n\t\t\t\t<\/div>\n\t\t\t\t\t<\/div>\n\t\t\t\t<\/div>\n\t\t<div class=\"elementor-element elementor-element-f0a0645 e-con-full e-flex e-con e-parent\" data-id=\"f0a0645\" data-element_type=\"container\" data-e-type=\"container\">\n\t\t\t\t<div class=\"elementor-element elementor-element-cb30f57 elementor-widget elementor-widget-image\" data-id=\"cb30f57\" data-element_type=\"widget\" data-e-type=\"widget\" data-widget_type=\"image.default\">\n\t\t\t\t\t\t\t\t\t\t\t\t\t\t\t<img fetchpriority=\"high\" decoding=\"async\" width=\"800\" height=\"534\" src=\"https:\/\/marketnuvia.com\/wp-content\/uploads\/2025\/07\/ChatGPT-Image-10-de-jul.-de-2025-18_16_05-1024x683.png\" class=\"attachment-large size-large wp-image-423\" alt=\"\" srcset=\"https:\/\/marketnuvia.com\/wp-content\/uploads\/2025\/07\/ChatGPT-Image-10-de-jul.-de-2025-18_16_05-1024x683.png 1024w, https:\/\/marketnuvia.com\/wp-content\/uploads\/2025\/07\/ChatGPT-Image-10-de-jul.-de-2025-18_16_05-300x200.png 300w, https:\/\/marketnuvia.com\/wp-content\/uploads\/2025\/07\/ChatGPT-Image-10-de-jul.-de-2025-18_16_05-768x512.png 768w, https:\/\/marketnuvia.com\/wp-content\/uploads\/2025\/07\/ChatGPT-Image-10-de-jul.-de-2025-18_16_05-18x12.png 18w, https:\/\/marketnuvia.com\/wp-content\/uploads\/2025\/07\/ChatGPT-Image-10-de-jul.-de-2025-18_16_05-600x400.png 600w, https:\/\/marketnuvia.com\/wp-content\/uploads\/2025\/07\/ChatGPT-Image-10-de-jul.-de-2025-18_16_05.png 1536w\" sizes=\"(max-width: 800px) 100vw, 800px\" \/>\t\t\t\t\t\t\t\t\t\t\t\t\t\t\t<\/div>\n\t\t\t\t<div class=\"elementor-element elementor-element-854ecf5 elementor-widget elementor-widget-heading\" data-id=\"854ecf5\" data-element_type=\"widget\" data-e-type=\"widget\" data-widget_type=\"heading.default\">\n\t\t\t\t\t<h2 class=\"elementor-heading-title elementor-size-default\">PRODUTOS DESTAQUES<\/h2>\t\t\t\t<\/div>\n\t\t\t\t<\/div>\n\t\t<div class=\"elementor-element elementor-element-b3c0275 e-flex e-con-boxed e-con e-parent\" data-id=\"b3c0275\" data-element_type=\"container\" data-e-type=\"container\">\n\t\t\t\t\t<div class=\"e-con-inner\">\n\t\t\t\t<div class=\"elementor-element elementor-element-fccfeed elementor-widget elementor-widget-html\" data-id=\"fccfeed\" data-element_type=\"widget\" data-e-type=\"widget\" data-widget_type=\"html.default\">\n\t\t\t\t\t<div class=\"woocommerce columns-4 \"><ul class=\"products columns-4\">\n<li class=\"product type-product post-157 status-publish first instock product_cat-sem-categoria has-post-thumbnail sale taxable shipping-taxable purchasable product-type-simple\">\n\t<a href=\"https:\/\/marketnuvia.com\/es\/produto\/aire-acondicionado-portatil-3-en-1-con-tanque-de-55-l-3-velocidades-y-temporizador-de-7-horas-para-el-hogar-y-la-oficina\/\" class=\"woocommerce-LoopProduct-link woocommerce-loop-product__link\">\n\t<span class=\"onsale\">\u00a1Oferta!<\/span>\n\t<img decoding=\"async\" width=\"300\" height=\"300\" src=\"https:\/\/marketnuvia.com\/wp-content\/uploads\/2025\/07\/img1_75519cae-8680-43c1-8bc2-92fb5be3b565_700x-1-300x300.webp\" class=\"attachment-woocommerce_thumbnail size-woocommerce_thumbnail\" alt=\"Aire acondicionado port\u00e1til 3 en 1 con tanque de 5,5 L, 3 velocidades y temporizador de 7 horas para el hogar y la oficina.\" srcset=\"https:\/\/marketnuvia.com\/wp-content\/uploads\/2025\/07\/img1_75519cae-8680-43c1-8bc2-92fb5be3b565_700x-1-300x300.webp 300w, https:\/\/marketnuvia.com\/wp-content\/uploads\/2025\/07\/img1_75519cae-8680-43c1-8bc2-92fb5be3b565_700x-1-150x150.webp 150w, https:\/\/marketnuvia.com\/wp-content\/uploads\/2025\/07\/img1_75519cae-8680-43c1-8bc2-92fb5be3b565_700x-1-12x12.webp 12w, https:\/\/marketnuvia.com\/wp-content\/uploads\/2025\/07\/img1_75519cae-8680-43c1-8bc2-92fb5be3b565_700x-1-600x598.webp 600w, https:\/\/marketnuvia.com\/wp-content\/uploads\/2025\/07\/img1_75519cae-8680-43c1-8bc2-92fb5be3b565_700x-1-100x100.webp 100w, https:\/\/marketnuvia.com\/wp-content\/uploads\/2025\/07\/img1_75519cae-8680-43c1-8bc2-92fb5be3b565_700x-1.webp 700w\" sizes=\"(max-width: 300px) 100vw, 300px\" \/><h2 class=\"woocommerce-loop-product__title\">Aire acondicionado port\u00e1til 3 en 1 con tanque de 5,5 L, 3 velocidades y temporizador de 7 horas para el hogar y la oficina.<\/h2>\n\t<span class=\"price\"><del aria-hidden=\"true\"><span class=\"woocommerce-Price-amount amount\"><bdi><span class=\"woocommerce-Price-currencySymbol\">&euro;<\/span>99.19<\/bdi><\/span><\/del> <span class=\"screen-reader-text\">El precio original era: &euro;99.19.<\/span><ins aria-hidden=\"true\"><span class=\"woocommerce-Price-amount amount\"><bdi><span class=\"woocommerce-Price-currencySymbol\">&euro;<\/span>29.99<\/bdi><\/span><\/ins><span class=\"screen-reader-text\">El precio actual es: &euro;29.99.<\/span><\/span>\n<\/a><a href=\"\/es\/wp-json\/wp\/v2\/pages\/280?add-to-cart=157\" aria-describedby=\"woocommerce_loop_add_to_cart_link_describedby_157\" data-quantity=\"1\" class=\"button product_type_simple add_to_cart_button ajax_add_to_cart\" data-product_id=\"157\" data-product_sku=\"\" aria-label=\"A\u00f1adir al carrito: &ldquo;Aire acondicionado port\u00e1til 3 en 1 con tanque de 5,5 L, 3 velocidades y temporizador de 7 horas para el hogar y la oficina.&rdquo;\" rel=\"nofollow\" data-success_message=\"\u00abAire acondicionado port\u00e1til 3 en 1 con tanque de 5,5 L, 3 velocidades y temporizador de 7 horas para el hogar y la oficina.\u00bb se ha a\u00f1adido a tu carrito\" role=\"button\">A\u00f1adir al carrito<\/a>\t<span id=\"woocommerce_loop_add_to_cart_link_describedby_157\" class=\"screen-reader-text\">\n\t\t\t<\/span>\n<\/li>\n<li class=\"product type-product post-192 status-publish instock product_cat-sem-categoria has-post-thumbnail sale taxable shipping-taxable purchasable product-type-simple\">\n\t<a href=\"https:\/\/marketnuvia.com\/es\/produto\/andamio-elevador-electrico-carga-500-kg\/\" class=\"woocommerce-LoopProduct-link woocommerce-loop-product__link\">\n\t<span class=\"onsale\">\u00a1Oferta!<\/span>\n\t<img decoding=\"async\" width=\"300\" height=\"300\" src=\"https:\/\/marketnuvia.com\/wp-content\/uploads\/2025\/07\/1_600x-300x300.jpg\" class=\"attachment-woocommerce_thumbnail size-woocommerce_thumbnail\" alt=\"Andamio elevador el\u00e9ctrico (carga 500 kg)\" srcset=\"https:\/\/marketnuvia.com\/wp-content\/uploads\/2025\/07\/1_600x-300x300.jpg 300w, https:\/\/marketnuvia.com\/wp-content\/uploads\/2025\/07\/1_600x-150x150.jpg 150w, https:\/\/marketnuvia.com\/wp-content\/uploads\/2025\/07\/1_600x-12x12.jpg 12w, https:\/\/marketnuvia.com\/wp-content\/uploads\/2025\/07\/1_600x-100x100.jpg 100w, https:\/\/marketnuvia.com\/wp-content\/uploads\/2025\/07\/1_600x.jpg 600w\" sizes=\"(max-width: 300px) 100vw, 300px\" \/><h2 class=\"woocommerce-loop-product__title\">Andamio elevador el\u00e9ctrico (carga 500 kg)<\/h2>\n\t<span class=\"price\"><del aria-hidden=\"true\"><span class=\"woocommerce-Price-amount amount\"><bdi><span class=\"woocommerce-Price-currencySymbol\">&euro;<\/span>119.90<\/bdi><\/span><\/del> <span class=\"screen-reader-text\">El precio original era: &euro;119.90.<\/span><ins aria-hidden=\"true\"><span class=\"woocommerce-Price-amount amount\"><bdi><span class=\"woocommerce-Price-currencySymbol\">&euro;<\/span>63.57<\/bdi><\/span><\/ins><span class=\"screen-reader-text\">El precio actual es: &euro;63.57.<\/span><\/span>\n<\/a><a href=\"\/es\/wp-json\/wp\/v2\/pages\/280?add-to-cart=192\" aria-describedby=\"woocommerce_loop_add_to_cart_link_describedby_192\" data-quantity=\"1\" class=\"button product_type_simple add_to_cart_button ajax_add_to_cart\" data-product_id=\"192\" data-product_sku=\"\" aria-label=\"A\u00f1adir al carrito: &ldquo;Andamio elevador el\u00e9ctrico (carga 500 kg)&rdquo;\" rel=\"nofollow\" data-success_message=\"\u00abAndamio elevador el\u00e9ctrico (carga 500 kg)\u00bb se ha a\u00f1adido a tu carrito\" role=\"button\">A\u00f1adir al carrito<\/a>\t<span id=\"woocommerce_loop_add_to_cart_link_describedby_192\" class=\"screen-reader-text\">\n\t\t\t<\/span>\n<\/li>\n<li class=\"product type-product post-186 status-publish instock product_cat-sem-categoria has-post-thumbnail sale taxable shipping-taxable purchasable product-type-simple\">\n\t<a href=\"https:\/\/marketnuvia.com\/es\/produto\/armario-para-escobas-3-estantes-regulables-gris-oscuro-negro-68-x-39-x-173-cm-alto\/\" class=\"woocommerce-LoopProduct-link woocommerce-loop-product__link\">\n\t<span class=\"onsale\">\u00a1Oferta!<\/span>\n\t<img loading=\"lazy\" decoding=\"async\" width=\"300\" height=\"300\" src=\"https:\/\/marketnuvia.com\/wp-content\/uploads\/2025\/07\/armario_800x800_c9d5ebc3-39e8-4e28-a743-e4a972e22e93_700x-1-300x300.webp\" class=\"attachment-woocommerce_thumbnail size-woocommerce_thumbnail\" alt=\"Armario para escobas, 3 estantes regulables, gris oscuro\/negro, 68 x 39 x 173 cm (alto)\" srcset=\"https:\/\/marketnuvia.com\/wp-content\/uploads\/2025\/07\/armario_800x800_c9d5ebc3-39e8-4e28-a743-e4a972e22e93_700x-1-300x300.webp 300w, https:\/\/marketnuvia.com\/wp-content\/uploads\/2025\/07\/armario_800x800_c9d5ebc3-39e8-4e28-a743-e4a972e22e93_700x-1-150x150.webp 150w, https:\/\/marketnuvia.com\/wp-content\/uploads\/2025\/07\/armario_800x800_c9d5ebc3-39e8-4e28-a743-e4a972e22e93_700x-1-12x12.webp 12w, https:\/\/marketnuvia.com\/wp-content\/uploads\/2025\/07\/armario_800x800_c9d5ebc3-39e8-4e28-a743-e4a972e22e93_700x-1-600x600.webp 600w, https:\/\/marketnuvia.com\/wp-content\/uploads\/2025\/07\/armario_800x800_c9d5ebc3-39e8-4e28-a743-e4a972e22e93_700x-1-100x100.webp 100w, https:\/\/marketnuvia.com\/wp-content\/uploads\/2025\/07\/armario_800x800_c9d5ebc3-39e8-4e28-a743-e4a972e22e93_700x-1.webp 700w\" sizes=\"(max-width: 300px) 100vw, 300px\" \/><h2 class=\"woocommerce-loop-product__title\">Armario para escobas, 3 estantes regulables, gris oscuro\/negro, 68 x 39 x 173 cm (alto)<\/h2>\n\t<span class=\"price\"><del aria-hidden=\"true\"><span class=\"woocommerce-Price-amount amount\"><bdi><span class=\"woocommerce-Price-currencySymbol\">&euro;<\/span>67.54<\/bdi><\/span><\/del> <span class=\"screen-reader-text\">El precio original era: &euro;67.54.<\/span><ins aria-hidden=\"true\"><span class=\"woocommerce-Price-amount amount\"><bdi><span class=\"woocommerce-Price-currencySymbol\">&euro;<\/span>25.67<\/bdi><\/span><\/ins><span class=\"screen-reader-text\">El precio actual es: &euro;25.67.<\/span><\/span>\n<\/a><a href=\"\/es\/wp-json\/wp\/v2\/pages\/280?add-to-cart=186\" aria-describedby=\"woocommerce_loop_add_to_cart_link_describedby_186\" data-quantity=\"1\" class=\"button product_type_simple add_to_cart_button ajax_add_to_cart\" data-product_id=\"186\" data-product_sku=\"\" aria-label=\"A\u00f1adir al carrito: &ldquo;Armario para escobas, 3 estantes regulables, gris oscuro\/negro, 68 x 39 x 173 cm (alto)&rdquo;\" rel=\"nofollow\" data-success_message=\"\u00abArmario para escobas, 3 estantes regulables, gris oscuro\/negro, 68 x 39 x 173 cm (alto)\u00bb se ha a\u00f1adido a tu carrito\" role=\"button\">A\u00f1adir al carrito<\/a>\t<span id=\"woocommerce_loop_add_to_cart_link_describedby_186\" class=\"screen-reader-text\">\n\t\t\t<\/span>\n<\/li>\n<li class=\"product type-product post-194 status-publish last instock product_cat-sem-categoria has-post-thumbnail sale taxable shipping-taxable purchasable product-type-simple\">\n\t<a href=\"https:\/\/marketnuvia.com\/es\/produto\/aspiradora-robot-silenciosa-de-2800-pa-con-aplicacion-bateria-de-120-min-y-deposito-de-600-ml\/\" class=\"woocommerce-LoopProduct-link woocommerce-loop-product__link\">\n\t<span class=\"onsale\">\u00a1Oferta!<\/span>\n\t<img loading=\"lazy\" decoding=\"async\" width=\"300\" height=\"300\" src=\"https:\/\/marketnuvia.com\/wp-content\/uploads\/2025\/07\/img1_7f260ff7-a417-47a9-a3b5-86a553d53e9b_700x-1-300x300.webp\" class=\"attachment-woocommerce_thumbnail size-woocommerce_thumbnail\" alt=\"Aspiradora robot silenciosa de 2800 Pa con aplicaci\u00f3n, bater\u00eda de 120 min y dep\u00f3sito de 600 ml\" srcset=\"https:\/\/marketnuvia.com\/wp-content\/uploads\/2025\/07\/img1_7f260ff7-a417-47a9-a3b5-86a553d53e9b_700x-1-300x300.webp 300w, https:\/\/marketnuvia.com\/wp-content\/uploads\/2025\/07\/img1_7f260ff7-a417-47a9-a3b5-86a553d53e9b_700x-1-150x150.webp 150w, https:\/\/marketnuvia.com\/wp-content\/uploads\/2025\/07\/img1_7f260ff7-a417-47a9-a3b5-86a553d53e9b_700x-1-12x12.webp 12w, https:\/\/marketnuvia.com\/wp-content\/uploads\/2025\/07\/img1_7f260ff7-a417-47a9-a3b5-86a553d53e9b_700x-1-100x100.webp 100w\" sizes=\"(max-width: 300px) 100vw, 300px\" \/><h2 class=\"woocommerce-loop-product__title\">Aspiradora robot silenciosa de 2800 Pa con aplicaci\u00f3n, bater\u00eda de 120 min y dep\u00f3sito de 600 ml<\/h2>\n\t<span class=\"price\"><del aria-hidden=\"true\"><span class=\"woocommerce-Price-amount amount\"><bdi><span class=\"woocommerce-Price-currencySymbol\">&euro;<\/span>87.36<\/bdi><\/span><\/del> <span class=\"screen-reader-text\">El precio original era: &euro;87.36.<\/span><ins aria-hidden=\"true\"><span class=\"woocommerce-Price-amount amount\"><bdi><span class=\"woocommerce-Price-currencySymbol\">&euro;<\/span>34.57<\/bdi><\/span><\/ins><span class=\"screen-reader-text\">El precio actual es: &euro;34.57.<\/span><\/span>\n<\/a><a href=\"\/es\/wp-json\/wp\/v2\/pages\/280?add-to-cart=194\" aria-describedby=\"woocommerce_loop_add_to_cart_link_describedby_194\" data-quantity=\"1\" class=\"button product_type_simple add_to_cart_button ajax_add_to_cart\" data-product_id=\"194\" data-product_sku=\"\" aria-label=\"A\u00f1adir al carrito: &ldquo;Aspiradora robot silenciosa de 2800 Pa con aplicaci\u00f3n, bater\u00eda de 120 min y dep\u00f3sito de 600 ml&rdquo;\" rel=\"nofollow\" data-success_message=\"\u00abAspiradora robot silenciosa de 2800 Pa con aplicaci\u00f3n, bater\u00eda de 120 min y dep\u00f3sito de 600 ml\u00bb se ha a\u00f1adido a tu carrito\" role=\"button\">A\u00f1adir al carrito<\/a>\t<span id=\"woocommerce_loop_add_to_cart_link_describedby_194\" class=\"screen-reader-text\">\n\t\t\t<\/span>\n<\/li>\n<\/ul>\n<\/div>\n\t\t\t\t<\/div>\n\t\t\t\t\t<\/div>\n\t\t\t\t<\/div>\n\t\t\t\t<\/div>\n\t\t","protected":false},"excerpt":{"rendered":"<p>Inicio Todos los productos Contacto PRODUTOS DESTAQUES<\/p>\n","protected":false},"author":1,"featured_media":0,"parent":0,"menu_order":0,"comment_status":"closed","ping_status":"closed","template":"","meta":{"footnotes":""},"class_list":["post-280","page","type-page","status-publish","hentry"],"_links":{"self":[{"href":"https:\/\/marketnuvia.com\/es\/wp-json\/wp\/v2\/pages\/280","targetHints":{"allow":["GET"]}}],"collection":[{"href":"https:\/\/marketnuvia.com\/es\/wp-json\/wp\/v2\/pages"}],"about":[{"href":"https:\/\/marketnuvia.com\/es\/wp-json\/wp\/v2\/types\/page"}],"author":[{"embeddable":true,"href":"https:\/\/marketnuvia.com\/es\/wp-json\/wp\/v2\/users\/1"}],"replies":[{"embeddable":true,"href":"https:\/\/marketnuvia.com\/es\/wp-json\/wp\/v2\/comments?post=280"}],"version-history":[{"count":88,"href":"https:\/\/marketnuvia.com\/es\/wp-json\/wp\/v2\/pages\/280\/revisions"}],"predecessor-version":[{"id":429,"href":"https:\/\/marketnuvia.com\/es\/wp-json\/wp\/v2\/pages\/280\/revisions\/429"}],"wp:attachment":[{"href":"https:\/\/marketnuvia.com\/es\/wp-json\/wp\/v2\/media?parent=280"}],"curies":[{"name":"wp","href":"https:\/\/api.w.org\/{rel}","templated":true}]}}